{"id":1605,"date":"2022-01-26T13:50:02","date_gmt":"2022-01-26T12:50:02","guid":{"rendered":"https:\/\/camping-la-farigoulette-verdon.com\/mobilheim-vermietung-gorges-du-verdon\/"},"modified":"2025-06-19T11:09:42","modified_gmt":"2025-06-19T09:09:42","slug":"mobilheim-vermietung-gorges-du-verdon","status":"publish","type":"page","link":"https:\/\/camping-la-farigoulette-verdon.com\/de\/mobilheim-vermietung-gorges-du-verdon\/","title":{"rendered":"Mobilheim-Vermietung Gorges du Verdon"},"content":{"rendered":"\n<p>Bei Ciela Village ist f\u00fcr gro\u00dfe und kleine Familien, jedes Budget und gew\u00fcnschte Komfortlevel gesorgt. Auf dem <a href=\"https:\/\/camping-la-farigoulette-verdon.com\/de\/\"><strong>Campingplatz La Farigoulette<\/strong><\/a> stehen Ihnen unterschiedliche Unterk\u00fcnfte zur Auswahl: von einfachen, komfortablen Mobilheimen \u00fcber voll ausgestattete Zelte bis hin zu Luxus- und Design-Mobilheimen. Sie haben die Wahl zwischen all unseren verschiedenen <a href=\"https:\/\/camping-la-farigoulette-verdon.com\/de\/mobilheim-vermietung-gorges-du-verdon\/\">Mobilheimen, die Sie im Verdon mieten<\/a> k\u00f6nnen!<br>W\u00e4hlen Sie Ihre optimale Behausung, damit Sie einen gelungenen Familienurlaub genie\u00dfen k\u00f6nnen!<\/p>\n","protected":false},"excerpt":{"rendered":"<p>Bei Ciela Village ist f\u00fcr gro\u00dfe und kleine Familien, jedes Budget und gew\u00fcnschte Komfortlevel gesorgt. Auf dem Campingplatz La Farigoulette stehen Ihnen unterschiedliche Unterk\u00fcnfte zur Auswahl: von einfachen, komfortablen Mobilheimen \u00fcber voll ausgestattete Zelte bis hin zu Luxus- und Design-Mobilheimen. Sie haben die Wahl zwischen all unseren verschiedenen Mobilheimen, die Sie im Verdon mieten k\u00f6nnen!W\u00e4hlen [&hellip;]<\/p>\n","protected":false},"author":1,"featured_media":0,"parent":0,"menu_order":0,"comment_status":"closed","ping_status":"closed","template":"","meta":{"_acf_changed":false,"footnotes":""},"class_list":["post-1605","page","type-page","status-publish","hentry"],"acf":[],"yoast_head":"<!-- This site is optimized with the Yoast SEO plugin v27.3 - https:\/\/yoast.com\/product\/yoast-seo-wordpress\/ -->\n<title>Vermietung von Mobilheimen in den Gorges du Verdon | Mobilheim Verdon<\/title>\n<meta name=\"description\" content=\"Auf dem Campingplatz La Farigoulette stehen Ihnen verschiedene Unterkunftsm\u00f6glichkeiten zur Auswahl: von einfachen und komfortablen Mobilheimen \u00fcber komplett eingerichtete Zelte bis hin zu Luxus- und Design-Mobilheimen.\" \/>\n<meta name=\"robots\" content=\"index, follow, max-snippet:-1, max-image-preview:large, max-video-preview:-1\" \/>\n<link rel=\"canonical\" href=\"https:\/\/camping-la-farigoulette-verdon.com\/de\/mobilheim-vermietung-gorges-du-verdon\/\" \/>\n<meta property=\"og:locale\" content=\"de_DE\" \/>\n<meta property=\"og:type\" content=\"article\" \/>\n<meta property=\"og:title\" content=\"Vermietung von Mobilheimen in den Gorges du Verdon | Mobilheim Verdon\" \/>\n<meta property=\"og:description\" content=\"Auf dem Campingplatz La Farigoulette stehen Ihnen verschiedene Unterkunftsm\u00f6glichkeiten zur Auswahl: von einfachen und komfortablen Mobilheimen \u00fcber komplett eingerichtete Zelte bis hin zu Luxus- und Design-Mobilheimen.\" \/>\n<meta property=\"og:url\" content=\"https:\/\/camping-la-farigoulette-verdon.com\/de\/mobilheim-vermietung-gorges-du-verdon\/\" \/>\n<meta property=\"og:site_name\" content=\"Camping La Farigoulette\" \/>\n<meta property=\"article:modified_time\" content=\"2025-06-19T09:09:42+00:00\" \/>\n<meta name=\"twitter:card\" content=\"summary_large_image\" \/>\n<meta name=\"twitter:label1\" content=\"Gesch\u00e4tzte Lesezeit\" \/>\n\t<meta name=\"twitter:data1\" content=\"1\u00a0Minute\" \/>\n<script type=\"application\/ld+json\" class=\"yoast-schema-graph\">{\"@context\":\"https:\\\/\\\/schema.org\",\"@graph\":[{\"@type\":\"WebPage\",\"@id\":\"https:\\\/\\\/camping-la-farigoulette-verdon.com\\\/de\\\/mobilheim-vermietung-gorges-du-verdon\\\/\",\"url\":\"https:\\\/\\\/camping-la-farigoulette-verdon.com\\\/de\\\/mobilheim-vermietung-gorges-du-verdon\\\/\",\"name\":\"Vermietung von Mobilheimen in den Gorges du Verdon | Mobilheim Verdon\",\"isPartOf\":{\"@id\":\"https:\\\/\\\/camping-la-farigoulette-verdon.com\\\/de\\\/#website\"},\"datePublished\":\"2022-01-26T12:50:02+00:00\",\"dateModified\":\"2025-06-19T09:09:42+00:00\",\"description\":\"Auf dem Campingplatz La Farigoulette stehen Ihnen verschiedene Unterkunftsm\u00f6glichkeiten zur Auswahl: von einfachen und komfortablen Mobilheimen \u00fcber komplett eingerichtete Zelte bis hin zu Luxus- und Design-Mobilheimen.\",\"breadcrumb\":{\"@id\":\"https:\\\/\\\/camping-la-farigoulette-verdon.com\\\/de\\\/mobilheim-vermietung-gorges-du-verdon\\\/#breadcrumb\"},\"inLanguage\":\"de\",\"potentialAction\":[{\"@type\":\"ReadAction\",\"target\":[\"https:\\\/\\\/camping-la-farigoulette-verdon.com\\\/de\\\/mobilheim-vermietung-gorges-du-verdon\\\/\"]}]},{\"@type\":\"BreadcrumbList\",\"@id\":\"https:\\\/\\\/camping-la-farigoulette-verdon.com\\\/de\\\/mobilheim-vermietung-gorges-du-verdon\\\/#breadcrumb\",\"itemListElement\":[{\"@type\":\"ListItem\",\"position\":1,\"name\":\"Camping Verdon\",\"item\":\"https:\\\/\\\/camping-la-farigoulette-verdon.com\\\/de\\\/\"},{\"@type\":\"ListItem\",\"position\":2,\"name\":\"Mobilheim-Vermietung Gorges du Verdon\"}]},{\"@type\":\"WebSite\",\"@id\":\"https:\\\/\\\/camping-la-farigoulette-verdon.com\\\/de\\\/#website\",\"url\":\"https:\\\/\\\/camping-la-farigoulette-verdon.com\\\/de\\\/\",\"name\":\"Camping La Farigoulette\",\"description\":\"\",\"potentialAction\":[{\"@type\":\"SearchAction\",\"target\":{\"@type\":\"EntryPoint\",\"urlTemplate\":\"https:\\\/\\\/camping-la-farigoulette-verdon.com\\\/de\\\/?s={search_term_string}\"},\"query-input\":{\"@type\":\"PropertyValueSpecification\",\"valueRequired\":true,\"valueName\":\"search_term_string\"}}],\"inLanguage\":\"de\"}]}<\/script>\n<!-- \/ Yoast SEO plugin. -->","yoast_head_json":{"title":"Vermietung von Mobilheimen in den Gorges du Verdon | Mobilheim Verdon","description":"Auf dem Campingplatz La Farigoulette stehen Ihnen verschiedene Unterkunftsm\u00f6glichkeiten zur Auswahl: von einfachen und komfortablen Mobilheimen \u00fcber komplett eingerichtete Zelte bis hin zu Luxus- und Design-Mobilheimen.","robots":{"index":"index","follow":"follow","max-snippet":"max-snippet:-1","max-image-preview":"max-image-preview:large","max-video-preview":"max-video-preview:-1"},"canonical":"https:\/\/camping-la-farigoulette-verdon.com\/de\/mobilheim-vermietung-gorges-du-verdon\/","og_locale":"de_DE","og_type":"article","og_title":"Vermietung von Mobilheimen in den Gorges du Verdon | Mobilheim Verdon","og_description":"Auf dem Campingplatz La Farigoulette stehen Ihnen verschiedene Unterkunftsm\u00f6glichkeiten zur Auswahl: von einfachen und komfortablen Mobilheimen \u00fcber komplett eingerichtete Zelte bis hin zu Luxus- und Design-Mobilheimen.","og_url":"https:\/\/camping-la-farigoulette-verdon.com\/de\/mobilheim-vermietung-gorges-du-verdon\/","og_site_name":"Camping La Farigoulette","article_modified_time":"2025-06-19T09:09:42+00:00","twitter_card":"summary_large_image","twitter_misc":{"Gesch\u00e4tzte Lesezeit":"1\u00a0Minute"},"schema":{"@context":"https:\/\/schema.org","@graph":[{"@type":"WebPage","@id":"https:\/\/camping-la-farigoulette-verdon.com\/de\/mobilheim-vermietung-gorges-du-verdon\/","url":"https:\/\/camping-la-farigoulette-verdon.com\/de\/mobilheim-vermietung-gorges-du-verdon\/","name":"Vermietung von Mobilheimen in den Gorges du Verdon | Mobilheim Verdon","isPartOf":{"@id":"https:\/\/camping-la-farigoulette-verdon.com\/de\/#website"},"datePublished":"2022-01-26T12:50:02+00:00","dateModified":"2025-06-19T09:09:42+00:00","description":"Auf dem Campingplatz La Farigoulette stehen Ihnen verschiedene Unterkunftsm\u00f6glichkeiten zur Auswahl: von einfachen und komfortablen Mobilheimen \u00fcber komplett eingerichtete Zelte bis hin zu Luxus- und Design-Mobilheimen.","breadcrumb":{"@id":"https:\/\/camping-la-farigoulette-verdon.com\/de\/mobilheim-vermietung-gorges-du-verdon\/#breadcrumb"},"inLanguage":"de","potentialAction":[{"@type":"ReadAction","target":["https:\/\/camping-la-farigoulette-verdon.com\/de\/mobilheim-vermietung-gorges-du-verdon\/"]}]},{"@type":"BreadcrumbList","@id":"https:\/\/camping-la-farigoulette-verdon.com\/de\/mobilheim-vermietung-gorges-du-verdon\/#breadcrumb","itemListElement":[{"@type":"ListItem","position":1,"name":"Camping Verdon","item":"https:\/\/camping-la-farigoulette-verdon.com\/de\/"},{"@type":"ListItem","position":2,"name":"Mobilheim-Vermietung Gorges du Verdon"}]},{"@type":"WebSite","@id":"https:\/\/camping-la-farigoulette-verdon.com\/de\/#website","url":"https:\/\/camping-la-farigoulette-verdon.com\/de\/","name":"Camping La Farigoulette","description":"","potentialAction":[{"@type":"SearchAction","target":{"@type":"EntryPoint","urlTemplate":"https:\/\/camping-la-farigoulette-verdon.com\/de\/?s={search_term_string}"},"query-input":{"@type":"PropertyValueSpecification","valueRequired":true,"valueName":"search_term_string"}}],"inLanguage":"de"}]}},"_links":{"self":[{"href":"https:\/\/camping-la-farigoulette-verdon.com\/de\/wp-json\/wp\/v2\/pages\/1605","targetHints":{"allow":["GET"]}}],"collection":[{"href":"https:\/\/camping-la-farigoulette-verdon.com\/de\/wp-json\/wp\/v2\/pages"}],"about":[{"href":"https:\/\/camping-la-farigoulette-verdon.com\/de\/wp-json\/wp\/v2\/types\/page"}],"author":[{"embeddable":true,"href":"https:\/\/camping-la-farigoulette-verdon.com\/de\/wp-json\/wp\/v2\/users\/1"}],"replies":[{"embeddable":true,"href":"https:\/\/camping-la-farigoulette-verdon.com\/de\/wp-json\/wp\/v2\/comments?post=1605"}],"version-history":[{"count":19,"href":"https:\/\/camping-la-farigoulette-verdon.com\/de\/wp-json\/wp\/v2\/pages\/1605\/revisions"}],"predecessor-version":[{"id":213533,"href":"https:\/\/camping-la-farigoulette-verdon.com\/de\/wp-json\/wp\/v2\/pages\/1605\/revisions\/213533"}],"wp:attachment":[{"href":"https:\/\/camping-la-farigoulette-verdon.com\/de\/wp-json\/wp\/v2\/media?parent=1605"}],"curies":[{"name":"wp","href":"https:\/\/api.w.org\/{rel}","templated":true}]}}