{"id":1608,"date":"2022-01-26T13:50:07","date_gmt":"2022-01-26T12:50:07","guid":{"rendered":"https:\/\/camping-la-farigoulette-verdon.com\/stellplaetze-auf-dem-campingplatz-la-farigoulette-im-verdon\/"},"modified":"2025-06-19T11:15:37","modified_gmt":"2025-06-19T09:15:37","slug":"stellplaetze-auf-dem-campingplatz-la-farigoulette-im-verdon","status":"publish","type":"page","link":"https:\/\/camping-la-farigoulette-verdon.com\/de\/stellplaetze-auf-dem-campingplatz-la-farigoulette-im-verdon\/","title":{"rendered":"Stellpl\u00e4tze auf dem Campingplatz La Farigoulette im Verdon"},"content":{"rendered":"\n<p>Wie w\u00e4re es, wenn Sie sich f\u00fcr Ihren Urlaub in unserer sch\u00f6nen Region Provence Alpes C\u00f4te d\u2018Azur daf\u00fcr entscheiden w\u00fcrden, wieder mit der Natur in Kontakt zu treten? Sie haben bereits einen gelungenen Urlaub im Mobilheim verbracht und w\u00fcnschen sich diesmal ein noch authentischeres Erlebnis?<\/p>\n\n\n\n<p>Beim Campen sind wir im Einklang mit der Natur und genie\u00dfen einen besonders erholsamen Aufenthalt mit der Familie oder Freunden. \u00dcbrigens: Auch Haustiere sind gestattet. Und das alles zum kleinen Preis!<\/p>\n\n\n\n<p>Unser Campingplatz La Farigoulette liegt im Herzen des Regionalen Naturparks Verdon und verf\u00fcgt \u00fcber ein sch\u00f6nes, bewaldetes Gel\u00e4nde, auf dem Campingg\u00e4ste problemlos ihr Zelt, ihren Wohnwagen oder ihr Wohnmobil aufstellen k\u00f6nnen.&nbsp;<\/p>\n\n\n\n<p>Auf dem <a href=\"https:\/\/camping-la-farigoulette-verdon.com\/de\/\"><strong>Campingplatz La Farigoulette in der Region Verdon<\/strong><\/a> sind die Stellpl\u00e4tze Komfort und Big-Komfort (zwischen 90 und 120 m\u00b2) mit einem Stromanschluss ausgestattet und k\u00f6nnen Zelte, Wohnwagen oder Wohnmobile beherbergen. F\u00fcr Ihren Stromanschluss und die Miete eines K\u00fchlschranks sollten Sie ein Verl\u00e4ngerungskabel mit Stecker oder Adapter nach CEE Normen einplanen.<\/p>\n\n\n\n<p><\/p>\n","protected":false},"excerpt":{"rendered":"<p>Wie w\u00e4re es, wenn Sie sich f\u00fcr Ihren Urlaub in unserer sch\u00f6nen Region Provence Alpes C\u00f4te d\u2018Azur daf\u00fcr entscheiden w\u00fcrden, wieder mit der Natur in Kontakt zu treten? Sie haben bereits einen gelungenen Urlaub im Mobilheim verbracht und w\u00fcnschen sich diesmal ein noch authentischeres Erlebnis? Beim Campen sind wir im Einklang mit der Natur und [&hellip;]<\/p>\n","protected":false},"author":1,"featured_media":0,"parent":0,"menu_order":0,"comment_status":"closed","ping_status":"closed","template":"","meta":{"_acf_changed":false,"footnotes":""},"class_list":["post-1608","page","type-page","status-publish","hentry"],"acf":[],"yoast_head":"<!-- This site is optimized with the Yoast SEO plugin v27.2 - https:\/\/yoast.com\/product\/yoast-seo-wordpress\/ -->\n<title>Stellpl\u00e4tze auf dem Campingplatz La Farigoulette im Verdon - Gorges du Verdon<\/title>\n<meta name=\"description\" content=\"W\u00e4hlen Sie den passenden Stellplatz f\u00fcr Ihren Urlaub im Herzen der Gorges du Verdon auf dem Campingplatz La Farigoulette.\" \/>\n<meta name=\"robots\" content=\"index, follow, max-snippet:-1, max-image-preview:large, max-video-preview:-1\" \/>\n<link rel=\"canonical\" href=\"https:\/\/camping-la-farigoulette-verdon.com\/de\/stellplaetze-auf-dem-campingplatz-la-farigoulette-im-verdon\/\" \/>\n<meta property=\"og:locale\" content=\"de_DE\" \/>\n<meta property=\"og:type\" content=\"article\" \/>\n<meta property=\"og:title\" content=\"Stellpl\u00e4tze auf dem Campingplatz La Farigoulette im Verdon - Gorges du Verdon\" \/>\n<meta property=\"og:description\" content=\"W\u00e4hlen Sie den passenden Stellplatz f\u00fcr Ihren Urlaub im Herzen der Gorges du Verdon auf dem Campingplatz La Farigoulette.\" \/>\n<meta property=\"og:url\" content=\"https:\/\/camping-la-farigoulette-verdon.com\/de\/stellplaetze-auf-dem-campingplatz-la-farigoulette-im-verdon\/\" \/>\n<meta property=\"og:site_name\" content=\"Camping La Farigoulette\" \/>\n<meta property=\"article:modified_time\" content=\"2025-06-19T09:15:37+00:00\" \/>\n<meta name=\"twitter:card\" content=\"summary_large_image\" \/>\n<meta name=\"twitter:label1\" content=\"Gesch\u00e4tzte Lesezeit\" \/>\n\t<meta name=\"twitter:data1\" content=\"1\u00a0Minute\" \/>\n<script type=\"application\/ld+json\" class=\"yoast-schema-graph\">{\"@context\":\"https:\/\/schema.org\",\"@graph\":[{\"@type\":\"WebPage\",\"@id\":\"https:\/\/camping-la-farigoulette-verdon.com\/de\/stellplaetze-auf-dem-campingplatz-la-farigoulette-im-verdon\/\",\"url\":\"https:\/\/camping-la-farigoulette-verdon.com\/de\/stellplaetze-auf-dem-campingplatz-la-farigoulette-im-verdon\/\",\"name\":\"Stellpl\u00e4tze auf dem Campingplatz La Farigoulette im Verdon - Gorges du Verdon\",\"isPartOf\":{\"@id\":\"https:\/\/camping-la-farigoulette-verdon.com\/de\/#website\"},\"datePublished\":\"2022-01-26T12:50:07+00:00\",\"dateModified\":\"2025-06-19T09:15:37+00:00\",\"description\":\"W\u00e4hlen Sie den passenden Stellplatz f\u00fcr Ihren Urlaub im Herzen der Gorges du Verdon auf dem Campingplatz La Farigoulette.\",\"breadcrumb\":{\"@id\":\"https:\/\/camping-la-farigoulette-verdon.com\/de\/stellplaetze-auf-dem-campingplatz-la-farigoulette-im-verdon\/#breadcrumb\"},\"inLanguage\":\"de\",\"potentialAction\":[{\"@type\":\"ReadAction\",\"target\":[\"https:\/\/camping-la-farigoulette-verdon.com\/de\/stellplaetze-auf-dem-campingplatz-la-farigoulette-im-verdon\/\"]}]},{\"@type\":\"BreadcrumbList\",\"@id\":\"https:\/\/camping-la-farigoulette-verdon.com\/de\/stellplaetze-auf-dem-campingplatz-la-farigoulette-im-verdon\/#breadcrumb\",\"itemListElement\":[{\"@type\":\"ListItem\",\"position\":1,\"name\":\"Camping Verdon\",\"item\":\"https:\/\/camping-la-farigoulette-verdon.com\/de\/\"},{\"@type\":\"ListItem\",\"position\":2,\"name\":\"Stellpl\u00e4tze auf dem Campingplatz La Farigoulette im Verdon\"}]},{\"@type\":\"WebSite\",\"@id\":\"https:\/\/camping-la-farigoulette-verdon.com\/de\/#website\",\"url\":\"https:\/\/camping-la-farigoulette-verdon.com\/de\/\",\"name\":\"Camping La Farigoulette\",\"description\":\"\",\"potentialAction\":[{\"@type\":\"SearchAction\",\"target\":{\"@type\":\"EntryPoint\",\"urlTemplate\":\"https:\/\/camping-la-farigoulette-verdon.com\/de\/?s={search_term_string}\"},\"query-input\":{\"@type\":\"PropertyValueSpecification\",\"valueRequired\":true,\"valueName\":\"search_term_string\"}}],\"inLanguage\":\"de\"}]}<\/script>\n<!-- \/ Yoast SEO plugin. -->","yoast_head_json":{"title":"Stellpl\u00e4tze auf dem Campingplatz La Farigoulette im Verdon - Gorges du Verdon","description":"W\u00e4hlen Sie den passenden Stellplatz f\u00fcr Ihren Urlaub im Herzen der Gorges du Verdon auf dem Campingplatz La Farigoulette.","robots":{"index":"index","follow":"follow","max-snippet":"max-snippet:-1","max-image-preview":"max-image-preview:large","max-video-preview":"max-video-preview:-1"},"canonical":"https:\/\/camping-la-farigoulette-verdon.com\/de\/stellplaetze-auf-dem-campingplatz-la-farigoulette-im-verdon\/","og_locale":"de_DE","og_type":"article","og_title":"Stellpl\u00e4tze auf dem Campingplatz La Farigoulette im Verdon - Gorges du Verdon","og_description":"W\u00e4hlen Sie den passenden Stellplatz f\u00fcr Ihren Urlaub im Herzen der Gorges du Verdon auf dem Campingplatz La Farigoulette.","og_url":"https:\/\/camping-la-farigoulette-verdon.com\/de\/stellplaetze-auf-dem-campingplatz-la-farigoulette-im-verdon\/","og_site_name":"Camping La Farigoulette","article_modified_time":"2025-06-19T09:15:37+00:00","twitter_card":"summary_large_image","twitter_misc":{"Gesch\u00e4tzte Lesezeit":"1\u00a0Minute"},"schema":{"@context":"https:\/\/schema.org","@graph":[{"@type":"WebPage","@id":"https:\/\/camping-la-farigoulette-verdon.com\/de\/stellplaetze-auf-dem-campingplatz-la-farigoulette-im-verdon\/","url":"https:\/\/camping-la-farigoulette-verdon.com\/de\/stellplaetze-auf-dem-campingplatz-la-farigoulette-im-verdon\/","name":"Stellpl\u00e4tze auf dem Campingplatz La Farigoulette im Verdon - Gorges du Verdon","isPartOf":{"@id":"https:\/\/camping-la-farigoulette-verdon.com\/de\/#website"},"datePublished":"2022-01-26T12:50:07+00:00","dateModified":"2025-06-19T09:15:37+00:00","description":"W\u00e4hlen Sie den passenden Stellplatz f\u00fcr Ihren Urlaub im Herzen der Gorges du Verdon auf dem Campingplatz La Farigoulette.","breadcrumb":{"@id":"https:\/\/camping-la-farigoulette-verdon.com\/de\/stellplaetze-auf-dem-campingplatz-la-farigoulette-im-verdon\/#breadcrumb"},"inLanguage":"de","potentialAction":[{"@type":"ReadAction","target":["https:\/\/camping-la-farigoulette-verdon.com\/de\/stellplaetze-auf-dem-campingplatz-la-farigoulette-im-verdon\/"]}]},{"@type":"BreadcrumbList","@id":"https:\/\/camping-la-farigoulette-verdon.com\/de\/stellplaetze-auf-dem-campingplatz-la-farigoulette-im-verdon\/#breadcrumb","itemListElement":[{"@type":"ListItem","position":1,"name":"Camping Verdon","item":"https:\/\/camping-la-farigoulette-verdon.com\/de\/"},{"@type":"ListItem","position":2,"name":"Stellpl\u00e4tze auf dem Campingplatz La Farigoulette im Verdon"}]},{"@type":"WebSite","@id":"https:\/\/camping-la-farigoulette-verdon.com\/de\/#website","url":"https:\/\/camping-la-farigoulette-verdon.com\/de\/","name":"Camping La Farigoulette","description":"","potentialAction":[{"@type":"SearchAction","target":{"@type":"EntryPoint","urlTemplate":"https:\/\/camping-la-farigoulette-verdon.com\/de\/?s={search_term_string}"},"query-input":{"@type":"PropertyValueSpecification","valueRequired":true,"valueName":"search_term_string"}}],"inLanguage":"de"}]}},"_links":{"self":[{"href":"https:\/\/camping-la-farigoulette-verdon.com\/de\/wp-json\/wp\/v2\/pages\/1608","targetHints":{"allow":["GET"]}}],"collection":[{"href":"https:\/\/camping-la-farigoulette-verdon.com\/de\/wp-json\/wp\/v2\/pages"}],"about":[{"href":"https:\/\/camping-la-farigoulette-verdon.com\/de\/wp-json\/wp\/v2\/types\/page"}],"author":[{"embeddable":true,"href":"https:\/\/camping-la-farigoulette-verdon.com\/de\/wp-json\/wp\/v2\/users\/1"}],"replies":[{"embeddable":true,"href":"https:\/\/camping-la-farigoulette-verdon.com\/de\/wp-json\/wp\/v2\/comments?post=1608"}],"version-history":[{"count":15,"href":"https:\/\/camping-la-farigoulette-verdon.com\/de\/wp-json\/wp\/v2\/pages\/1608\/revisions"}],"predecessor-version":[{"id":213538,"href":"https:\/\/camping-la-farigoulette-verdon.com\/de\/wp-json\/wp\/v2\/pages\/1608\/revisions\/213538"}],"wp:attachment":[{"href":"https:\/\/camping-la-farigoulette-verdon.com\/de\/wp-json\/wp\/v2\/media?parent=1608"}],"curies":[{"name":"wp","href":"https:\/\/api.w.org\/{rel}","templated":true}]}}