{"id":1611,"date":"2022-01-26T13:50:13","date_gmt":"2022-01-26T12:50:13","guid":{"rendered":"https:\/\/camping-la-farigoulette-verdon.com\/campingplatz-mit-beheiztem-pool-im-herzen-der-gorges-du-verdon\/"},"modified":"2025-10-09T09:44:31","modified_gmt":"2025-10-09T07:44:31","slug":"campingplatz-mit-beheiztem-pool-im-herzen-der-gorges-du-verdon","status":"publish","type":"page","link":"https:\/\/camping-la-farigoulette-verdon.com\/de\/campingplatz-mit-beheiztem-pool-im-herzen-der-gorges-du-verdon\/","title":{"rendered":"Campingplatz mit beheiztem Pool im Herzen der Gorges du Verdon"},"content":{"rendered":"\n<p>Sind Sie auf der Suche nach einem abwechslungsreichen Urlaub in der Region Provence-Alpes-C\u00f4te d\u2018Azur?<\/p>\n\n\n\n<p>Im Departement Alpes de Haute Provence, direkt \u00fcber dem Departement Var, liegt unser <strong><u>5-Sterne-Campingplatz La Farigoulette<\/u><\/strong>, ganz in der N\u00e4he der ber\u00fchmten <strong>Verdon-Schlucht<\/strong>, dem gr\u00f6\u00dften Canyon Europas, und unweit des<strong> Lac de Sainte-Croix<\/strong>. Wir begr\u00fc\u00dfen Sie mitten im Gr\u00fcnen am See Montpezat im Saint Laurent du Verdon f\u00fcr einen unvergesslichen Urlaub im Einklang mit der Natur. In einem einzigartigen Naturgebiet in S\u00fcdfrankreich, auf einem der sch\u00f6nsten Campingpl\u00e4tze der Region, genie\u00dfen Sie hohen Komfort in unseren Mietunterk\u00fcnften, Mobilheimen oder auf den Stellpl\u00e4tzen. Dank eines vielf\u00e4ltigen Angebots vor Ort locken au\u00dferdem jede Menge lustige <strong>Wasseraktivit\u00e4ten<\/strong> f\u00fcr Kinder und Erwachsene.<\/p>\n\n\n\n<p>Auf dem Campingplatz La Farigoulette haben Sie die Qual der Wahl: W\u00e4hrend Ihres Aufenthalts in den Gorges du Verdon locken ein erfrischender See und das beheizte Becken.<\/p>\n","protected":false},"excerpt":{"rendered":"<p>Sind Sie auf der Suche nach einem abwechslungsreichen Urlaub in der Region Provence-Alpes-C\u00f4te d\u2018Azur? Im Departement Alpes de Haute Provence, direkt \u00fcber dem Departement Var, liegt unser 5-Sterne-Campingplatz La Farigoulette, ganz in der N\u00e4he der ber\u00fchmten Verdon-Schlucht, dem gr\u00f6\u00dften Canyon Europas, und unweit des Lac de Sainte-Croix. Wir begr\u00fc\u00dfen Sie mitten im Gr\u00fcnen am See [&hellip;]<\/p>\n","protected":false},"author":1,"featured_media":0,"parent":0,"menu_order":0,"comment_status":"closed","ping_status":"closed","template":"","meta":{"_acf_changed":false,"footnotes":""},"class_list":["post-1611","page","type-page","status-publish","hentry"],"acf":[],"yoast_head":"<!-- This site is optimized with the Yoast SEO plugin v27.3 - https:\/\/yoast.com\/product\/yoast-seo-wordpress\/ -->\n<title>Campingplatz mit beheiztem Pool und Planschbecken in den Gorges du Verdon<\/title>\n<meta name=\"description\" content=\"Buchen Sie Ihren Aufenthalt auf einem Campingplatz im Herzen der Verdon-Schlucht mit beheiztem Pool \u2013 so k\u00f6nnen Sie Ihren Urlaub in der Provence in vollen Z\u00fcgen genie\u00dfen.\" \/>\n<meta name=\"robots\" content=\"index, follow, max-snippet:-1, max-image-preview:large, max-video-preview:-1\" \/>\n<link rel=\"canonical\" href=\"https:\/\/camping-la-farigoulette-verdon.com\/de\/campingplatz-mit-beheiztem-pool-im-herzen-der-gorges-du-verdon\/\" \/>\n<meta property=\"og:locale\" content=\"de_DE\" \/>\n<meta property=\"og:type\" content=\"article\" \/>\n<meta property=\"og:title\" content=\"Campingplatz mit beheiztem Pool und Planschbecken in den Gorges du Verdon\" \/>\n<meta property=\"og:description\" content=\"Buchen Sie Ihren Aufenthalt auf einem Campingplatz im Herzen der Verdon-Schlucht mit beheiztem Pool \u2013 so k\u00f6nnen Sie Ihren Urlaub in der Provence in vollen Z\u00fcgen genie\u00dfen.\" \/>\n<meta property=\"og:url\" content=\"https:\/\/camping-la-farigoulette-verdon.com\/de\/campingplatz-mit-beheiztem-pool-im-herzen-der-gorges-du-verdon\/\" \/>\n<meta property=\"og:site_name\" content=\"Camping La Farigoulette\" \/>\n<meta property=\"article:modified_time\" content=\"2025-10-09T07:44:31+00:00\" \/>\n<meta name=\"twitter:card\" content=\"summary_large_image\" \/>\n<meta name=\"twitter:label1\" content=\"Gesch\u00e4tzte Lesezeit\" \/>\n\t<meta name=\"twitter:data1\" content=\"1\u00a0Minute\" \/>\n<script type=\"application\/ld+json\" class=\"yoast-schema-graph\">{\"@context\":\"https:\\\/\\\/schema.org\",\"@graph\":[{\"@type\":\"WebPage\",\"@id\":\"https:\\\/\\\/camping-la-farigoulette-verdon.com\\\/de\\\/campingplatz-mit-beheiztem-pool-im-herzen-der-gorges-du-verdon\\\/\",\"url\":\"https:\\\/\\\/camping-la-farigoulette-verdon.com\\\/de\\\/campingplatz-mit-beheiztem-pool-im-herzen-der-gorges-du-verdon\\\/\",\"name\":\"Campingplatz mit beheiztem Pool und Planschbecken in den Gorges du Verdon\",\"isPartOf\":{\"@id\":\"https:\\\/\\\/camping-la-farigoulette-verdon.com\\\/de\\\/#website\"},\"datePublished\":\"2022-01-26T12:50:13+00:00\",\"dateModified\":\"2025-10-09T07:44:31+00:00\",\"description\":\"Buchen Sie Ihren Aufenthalt auf einem Campingplatz im Herzen der Verdon-Schlucht mit beheiztem Pool \u2013 so k\u00f6nnen Sie Ihren Urlaub in der Provence in vollen Z\u00fcgen genie\u00dfen.\",\"breadcrumb\":{\"@id\":\"https:\\\/\\\/camping-la-farigoulette-verdon.com\\\/de\\\/campingplatz-mit-beheiztem-pool-im-herzen-der-gorges-du-verdon\\\/#breadcrumb\"},\"inLanguage\":\"de\",\"potentialAction\":[{\"@type\":\"ReadAction\",\"target\":[\"https:\\\/\\\/camping-la-farigoulette-verdon.com\\\/de\\\/campingplatz-mit-beheiztem-pool-im-herzen-der-gorges-du-verdon\\\/\"]}]},{\"@type\":\"BreadcrumbList\",\"@id\":\"https:\\\/\\\/camping-la-farigoulette-verdon.com\\\/de\\\/campingplatz-mit-beheiztem-pool-im-herzen-der-gorges-du-verdon\\\/#breadcrumb\",\"itemListElement\":[{\"@type\":\"ListItem\",\"position\":1,\"name\":\"Camping Verdon\",\"item\":\"https:\\\/\\\/camping-la-farigoulette-verdon.com\\\/de\\\/\"},{\"@type\":\"ListItem\",\"position\":2,\"name\":\"Campingplatz mit beheiztem Pool im Herzen der Gorges du Verdon\"}]},{\"@type\":\"WebSite\",\"@id\":\"https:\\\/\\\/camping-la-farigoulette-verdon.com\\\/de\\\/#website\",\"url\":\"https:\\\/\\\/camping-la-farigoulette-verdon.com\\\/de\\\/\",\"name\":\"Camping La Farigoulette\",\"description\":\"\",\"potentialAction\":[{\"@type\":\"SearchAction\",\"target\":{\"@type\":\"EntryPoint\",\"urlTemplate\":\"https:\\\/\\\/camping-la-farigoulette-verdon.com\\\/de\\\/?s={search_term_string}\"},\"query-input\":{\"@type\":\"PropertyValueSpecification\",\"valueRequired\":true,\"valueName\":\"search_term_string\"}}],\"inLanguage\":\"de\"}]}<\/script>\n<!-- \/ Yoast SEO plugin. -->","yoast_head_json":{"title":"Campingplatz mit beheiztem Pool und Planschbecken in den Gorges du Verdon","description":"Buchen Sie Ihren Aufenthalt auf einem Campingplatz im Herzen der Verdon-Schlucht mit beheiztem Pool \u2013 so k\u00f6nnen Sie Ihren Urlaub in der Provence in vollen Z\u00fcgen genie\u00dfen.","robots":{"index":"index","follow":"follow","max-snippet":"max-snippet:-1","max-image-preview":"max-image-preview:large","max-video-preview":"max-video-preview:-1"},"canonical":"https:\/\/camping-la-farigoulette-verdon.com\/de\/campingplatz-mit-beheiztem-pool-im-herzen-der-gorges-du-verdon\/","og_locale":"de_DE","og_type":"article","og_title":"Campingplatz mit beheiztem Pool und Planschbecken in den Gorges du Verdon","og_description":"Buchen Sie Ihren Aufenthalt auf einem Campingplatz im Herzen der Verdon-Schlucht mit beheiztem Pool \u2013 so k\u00f6nnen Sie Ihren Urlaub in der Provence in vollen Z\u00fcgen genie\u00dfen.","og_url":"https:\/\/camping-la-farigoulette-verdon.com\/de\/campingplatz-mit-beheiztem-pool-im-herzen-der-gorges-du-verdon\/","og_site_name":"Camping La Farigoulette","article_modified_time":"2025-10-09T07:44:31+00:00","twitter_card":"summary_large_image","twitter_misc":{"Gesch\u00e4tzte Lesezeit":"1\u00a0Minute"},"schema":{"@context":"https:\/\/schema.org","@graph":[{"@type":"WebPage","@id":"https:\/\/camping-la-farigoulette-verdon.com\/de\/campingplatz-mit-beheiztem-pool-im-herzen-der-gorges-du-verdon\/","url":"https:\/\/camping-la-farigoulette-verdon.com\/de\/campingplatz-mit-beheiztem-pool-im-herzen-der-gorges-du-verdon\/","name":"Campingplatz mit beheiztem Pool und Planschbecken in den Gorges du Verdon","isPartOf":{"@id":"https:\/\/camping-la-farigoulette-verdon.com\/de\/#website"},"datePublished":"2022-01-26T12:50:13+00:00","dateModified":"2025-10-09T07:44:31+00:00","description":"Buchen Sie Ihren Aufenthalt auf einem Campingplatz im Herzen der Verdon-Schlucht mit beheiztem Pool \u2013 so k\u00f6nnen Sie Ihren Urlaub in der Provence in vollen Z\u00fcgen genie\u00dfen.","breadcrumb":{"@id":"https:\/\/camping-la-farigoulette-verdon.com\/de\/campingplatz-mit-beheiztem-pool-im-herzen-der-gorges-du-verdon\/#breadcrumb"},"inLanguage":"de","potentialAction":[{"@type":"ReadAction","target":["https:\/\/camping-la-farigoulette-verdon.com\/de\/campingplatz-mit-beheiztem-pool-im-herzen-der-gorges-du-verdon\/"]}]},{"@type":"BreadcrumbList","@id":"https:\/\/camping-la-farigoulette-verdon.com\/de\/campingplatz-mit-beheiztem-pool-im-herzen-der-gorges-du-verdon\/#breadcrumb","itemListElement":[{"@type":"ListItem","position":1,"name":"Camping Verdon","item":"https:\/\/camping-la-farigoulette-verdon.com\/de\/"},{"@type":"ListItem","position":2,"name":"Campingplatz mit beheiztem Pool im Herzen der Gorges du Verdon"}]},{"@type":"WebSite","@id":"https:\/\/camping-la-farigoulette-verdon.com\/de\/#website","url":"https:\/\/camping-la-farigoulette-verdon.com\/de\/","name":"Camping La Farigoulette","description":"","potentialAction":[{"@type":"SearchAction","target":{"@type":"EntryPoint","urlTemplate":"https:\/\/camping-la-farigoulette-verdon.com\/de\/?s={search_term_string}"},"query-input":{"@type":"PropertyValueSpecification","valueRequired":true,"valueName":"search_term_string"}}],"inLanguage":"de"}]}},"_links":{"self":[{"href":"https:\/\/camping-la-farigoulette-verdon.com\/de\/wp-json\/wp\/v2\/pages\/1611","targetHints":{"allow":["GET"]}}],"collection":[{"href":"https:\/\/camping-la-farigoulette-verdon.com\/de\/wp-json\/wp\/v2\/pages"}],"about":[{"href":"https:\/\/camping-la-farigoulette-verdon.com\/de\/wp-json\/wp\/v2\/types\/page"}],"author":[{"embeddable":true,"href":"https:\/\/camping-la-farigoulette-verdon.com\/de\/wp-json\/wp\/v2\/users\/1"}],"replies":[{"embeddable":true,"href":"https:\/\/camping-la-farigoulette-verdon.com\/de\/wp-json\/wp\/v2\/comments?post=1611"}],"version-history":[{"count":14,"href":"https:\/\/camping-la-farigoulette-verdon.com\/de\/wp-json\/wp\/v2\/pages\/1611\/revisions"}],"predecessor-version":[{"id":401753,"href":"https:\/\/camping-la-farigoulette-verdon.com\/de\/wp-json\/wp\/v2\/pages\/1611\/revisions\/401753"}],"wp:attachment":[{"href":"https:\/\/camping-la-farigoulette-verdon.com\/de\/wp-json\/wp\/v2\/media?parent=1611"}],"curies":[{"name":"wp","href":"https:\/\/api.w.org\/{rel}","templated":true}]}}