{"id":1614,"date":"2022-01-26T13:50:19","date_gmt":"2022-01-26T12:50:19","guid":{"rendered":"https:\/\/camping-la-farigoulette-verdon.com\/buchen-sie-einen-aufenthalt-auf-einem-campingplatz-mit-direktem-zugang-zum-see-von-saint-laurent-du-verdon-und-einem-wassersportzentrum\/"},"modified":"2023-11-03T09:50:44","modified_gmt":"2023-11-03T08:50:44","slug":"buchen-sie-einen-aufenthalt-auf-einem-campingplatz-mit-direktem-zugang-zum-see-von-saint-laurent-du-verdon-und-einem-wassersportzentrum","status":"publish","type":"page","link":"https:\/\/camping-la-farigoulette-verdon.com\/de\/buchen-sie-einen-aufenthalt-auf-einem-campingplatz-mit-direktem-zugang-zum-see-von-saint-laurent-du-verdon-und-einem-wassersportzentrum\/","title":{"rendered":"Buchen Sie einen Aufenthalt auf einem Campingplatz mit direktem Zugang zum See von Montpezat und einem Wassersportzentrum"},"content":{"rendered":"\n<figure class=\"wp-block-gallery has-nested-images columns-4 is-cropped wp-block-gallery-1 is-layout-flex wp-block-gallery-is-layout-flex\">\n<figure class=\"wp-block-image size-full\"><img decoding=\"async\" width=\"600\" height=\"400\" data-id=\"4245\" src=\"https:\/\/camping-la-farigoulette-verdon.com\/wp-content\/uploads\/2023\/11\/camping-bord-de-lac-verdon-activites-nautiques.jpg\" alt=\"camping bord de lac verdon activit\u00e9s nautiques\" class=\"wp-image-4245\" srcset=\"https:\/\/camping-la-farigoulette-verdon.com\/wp-content\/uploads\/2023\/11\/camping-bord-de-lac-verdon-activites-nautiques.jpg 600w, https:\/\/camping-la-farigoulette-verdon.com\/wp-content\/uploads\/2023\/11\/camping-bord-de-lac-verdon-activites-nautiques-300x200.jpg 300w\" sizes=\"(max-width: 600px) 100vw, 600px\" \/><\/figure>\n\n\n\n<figure class=\"wp-block-image size-full\"><img decoding=\"async\" width=\"601\" height=\"400\" data-id=\"4260\" src=\"https:\/\/camping-la-farigoulette-verdon.com\/wp-content\/uploads\/2023\/11\/camping-bord-de-lac-verdon-location-bateau-electrique.jpg\" alt=\"camping bord de lac verdon location bateau \u00e9lectrique\" class=\"wp-image-4260\" srcset=\"https:\/\/camping-la-farigoulette-verdon.com\/wp-content\/uploads\/2023\/11\/camping-bord-de-lac-verdon-location-bateau-electrique.jpg 601w, https:\/\/camping-la-farigoulette-verdon.com\/wp-content\/uploads\/2023\/11\/camping-bord-de-lac-verdon-location-bateau-electrique-300x200.jpg 300w\" sizes=\"(max-width: 601px) 100vw, 601px\" \/><\/figure>\n\n\n\n<figure class=\"wp-block-image size-full\"><img decoding=\"async\" width=\"600\" height=\"400\" data-id=\"4255\" src=\"https:\/\/camping-la-farigoulette-verdon.com\/wp-content\/uploads\/2023\/11\/camping-bord-de-lac-verdon-acces-direct-lac-2.jpg\" alt=\"camping bord de lac verdon acc\u00e8s direct lac\" class=\"wp-image-4255\" srcset=\"https:\/\/camping-la-farigoulette-verdon.com\/wp-content\/uploads\/2023\/11\/camping-bord-de-lac-verdon-acces-direct-lac-2.jpg 600w, https:\/\/camping-la-farigoulette-verdon.com\/wp-content\/uploads\/2023\/11\/camping-bord-de-lac-verdon-acces-direct-lac-2-300x200.jpg 300w\" sizes=\"(max-width: 600px) 100vw, 600px\" \/><\/figure>\n\n\n\n<figure class=\"wp-block-image size-full\"><img decoding=\"async\" width=\"601\" height=\"400\" data-id=\"4240\" src=\"https:\/\/camping-la-farigoulette-verdon.com\/wp-content\/uploads\/2023\/11\/camping-bord-de-lac-verdon-pedalo.jpg\" alt=\"camping bord de lac verdon p\u00e9dalo\" class=\"wp-image-4240\" srcset=\"https:\/\/camping-la-farigoulette-verdon.com\/wp-content\/uploads\/2023\/11\/camping-bord-de-lac-verdon-pedalo.jpg 601w, https:\/\/camping-la-farigoulette-verdon.com\/wp-content\/uploads\/2023\/11\/camping-bord-de-lac-verdon-pedalo-300x200.jpg 300w\" sizes=\"(max-width: 601px) 100vw, 601px\" \/><\/figure>\n<\/figure>\n\n\n\n<p>M\u00f6chten Sie w\u00e4hrend Ihres Urlaubs auf dem <strong>Campingplatz La Farigoulette<\/strong> nach Herzenslust im Wasser planschen und sich gleichzeitig eine Auszeit im Einklang mit der Natur g\u00f6nnen?<\/p>\n\n\n\n<p>Auf unserem <strong>5-Sterne-Gel\u00e4nde<\/strong> im Herzen der Region Provence Alpes C\u00f4te d\u2018Azur bieten wir Ihnen neben dem beheizten Pool auch einen <strong>direkten Zugang zum See von Montpezat  im Saint-Laurent-du-Verdon<\/strong>. So k\u00f6nnen Sie einen Urlaub voller Aktivit\u00e4ten in einem idyllischen Rahmen <strong>am Seeufer <\/strong>verbringen und sich so richtig erholen!&nbsp; Am Wasser haben Sie Gelegenheit, die umliegenden Landschaften zu bewundern und ein buntes Freizeitangebot zu entdecken.<\/p>\n\n\n\n<p>Machen Sie es sich auf einer der wellenf\u00f6rmigen Liegen in unserer Relax-Zone gem\u00fctlich \u2013 einem Bereich, in dem Entspannung und Erholung im Mittelpunkt stehen. Auf einer erh\u00f6hten Holzterrasse gelegen, haben Sie von hier einen atemberaubenden Blick auf den See und k\u00f6nnen in aller Ruhe ausspannen, w\u00e4hrend Ihre Kinder sicher auf dem Campinggel\u00e4nde spielen. Ein kostbarer Moment der Ruhe!<\/p>\n\n\n\n<div class=\"wp-block-columns bloc-m7 is-layout-flex wp-container-core-columns-is-layout-9d6595d7 wp-block-columns-is-layout-flex\">\n<div class=\"wp-block-column is-vertically-aligned-center is-layout-flow wp-block-column-is-layout-flow\">\n<p class=\"bloc-gris uk-text-muted\"><strong>Direkter Zugang zum See mit zahlreichen Wassersportaktivit\u00e4ten!<\/strong><\/p>\n\n\n\n<ul class=\"liste-m7 wp-block-list\">\n<li>Kanu- und Kajakfahren*<\/li>\n\n\n\n<li>Tretboot*<\/li>\n\n\n\n<li>Elektrisches Boot*<\/li>\n\n\n\n<li>Stand-Up Paddle*<\/li>\n<\/ul>\n<\/div>\n\n\n\n<div class=\"wp-block-column is-vertically-aligned-center is-layout-flow wp-block-column-is-layout-flow\">\n<div class=\"wp-block-yootheme-widgetkit\">\n<div  uk-slideshow=\"animation: fade;autoplay: true ;autoplay-interval: 3000;pause-on-hover: false;ratio: 500:400;min-height: 300\">\n\n    <div class=\"uk-position-relative uk-visible-toggle\">\n\n        <ul class=\"uk-slideshow-items \" >\n        \n            <li>\n\n                \n                    \n                        <img decoding=\"async\" src=\"\/wp-content\/uploads\/2023\/11\/camping-bord-de-lac-verdon-acces-direct-lac-1.jpg\" alt=\"Camping Bord De Lac Verdon Acc\u00e8s Direct Lac\" uk-cover>\n                    \n                    \n                    \n                \n            <\/li>\n\n        \n            <li>\n\n                \n                    \n                        <img decoding=\"async\" src=\"\/wp-content\/uploads\/2023\/11\/camping-bord-de-lac-verdon-paddle.jpg\" alt=\"Camping Bord De Lac Verdon Paddle\" uk-cover>\n                    \n                    \n                    \n                \n            <\/li>\n\n        \n            <li>\n\n                \n                    \n                        <img decoding=\"async\" src=\"\/wp-content\/uploads\/2023\/11\/camping-bord-de-lac-verdon-gorges-de-baudinard.jpg\" alt=\"Camping Bord De Lac Verdon Gorges De Baudinard\" uk-cover>\n                    \n                    \n                    \n                \n            <\/li>\n\n        \n            <li>\n\n                \n                    \n                        <img decoding=\"async\" src=\"\/wp-content\/uploads\/2023\/11\/camping-bord-de-lac-verdon-canoe-kayak.jpg\" alt=\"Camping Verdon La Farigoulette Ciela Village Saint Laurent Du Verdon France\" uk-cover>\n                    \n                    \n                    \n                \n            <\/li>\n\n                <\/ul>\n\n        \n                        <div class=\"uk-light\">\n            \n                <a href=\"#\" class=\"uk-position-center-left uk-position-small uk-hidden-hover\" uk-slidenav-previous uk-slideshow-item=\"previous\"><\/a>\n                <a href=\"#\" class=\"uk-position-center-right uk-position-small uk-hidden-hover\" uk-slidenav-next uk-slideshow-item=\"next\"><\/a>\n\n                        <\/div>\n            \n        \n        \n    <\/div>\n\n    \n<\/div>\n<\/div>\n<\/div>\n<\/div>\n\n\n\n<p><strong><em>*Materialverleih vor Ort, Preise erfragen Sie bitte w\u00e4hrend Ihres Aufenthalts beim Wassersportzentrum des Campingplatzes<\/em><\/strong><\/p>\n\n\n\n<p>Unser Campingplatz verf\u00fcgt zus\u00e4tzlich zum beheizten Pool \u00fcber ein eigenes <strong>privates Wassersportzentrum mit nat\u00fcrlichem Kieselstrand<\/strong>, das Sie w\u00e4hrend Ihres Urlaubs besuchen k\u00f6nnen.&nbsp;Urlauber k\u00f6nnen hier Kanus, Kajaks, Paddelboote, Tretboote, aber auch kleine Elektroboote f\u00fcr eine Fahrt durch die wundersch\u00f6nen <strong>Gorges de Baudinard<\/strong> mieten. Die <strong>Wassersportstation des Campingplatzes La Farigoulette<\/strong> macht aus Ihrem Aufenthalt den Aktivurlaub Ihrer Tr\u00e4ume! Schippern Sie entlang der Felsw\u00e4nde und lassen Sie sich von der wundersch\u00f6nen Landschaft \u00fcberw\u00e4ltigen, die an Ihnen vorbeizieht. Der Wasserkorridor im Herzen des Regionalen Naturparks Verdon h\u00e4lt viele sch\u00f6ne \u00dcberraschungen f\u00fcr Sie bereit!<\/p>\n\n\n\n<p>Sie genie\u00dfen direkten Zugang zum <strong>See von Montpezat<\/strong> \u2013 ein Riesenpluspunkt unseres Campingplatzes! Wenn Sie Ihr Mobilheim, Ihr Zelt, Ihren Wohnwagen oder Ihr Wohnmobil verlassen, k\u00f6nnen Sie problemlos die Alleen des Campingplatzes \u00fcberqueren und den Fu\u00dfg\u00e4ngerzugang nutzen, um zu der sch\u00f6nen Wasserstelle zu gelangen \u2013 Ihr Auto brauchen Sie nicht.<\/p>\n\n\n\n<p>Nutzen Sie Ihren Aufenthalt auf unserem Campingplatz, um die Schluchten zu durchwandern und genie\u00dfen Sie mit Ihrer Familie oder Freunden eine einzigartige Erfahrung in einer au\u00dfergew\u00f6hnlichen nat\u00fcrlichen Umgebung!&nbsp;Hier k\u00f6nnen Sie in aller Ruhe auf dem ruhigen Wasser der Schlucht paddeln.&nbsp;Wenn die Sonne besonders kr\u00e4ftig scheint, sorgt ein Ausflug ins k\u00fchle Nass garantiert f\u00fcr Erfrischung!&nbsp;<\/p>\n\n\n\n<p>Bringen Sie ein wenig Action in Ihren Aufenthalt in unseren Mobilheimen oder auf unseren Stellpl\u00e4tzen und veranstalten Sie einen kleinen Wettbewerb! Fordern Sie Ihre Freunde heraus, um herauszufinden, wer am besten paddeln kann! Familien haben die M\u00f6glichkeit, den Strand am See zu nutzen, um sich auszuruhen oder zu spazieren.&nbsp; Und Haustiere? Keine Panik: Hunde sind am Strand erlaubt.&nbsp;<\/p>\n\n\n\n<p>Das <strong>Wassersportzentrum auf dem Campingplatz La Farigoulette<\/strong> verleiht Ihrem Urlaub das gewisse Etwas und l\u00e4dt dazu ein, die naturverbundene, friedliche Atmosph\u00e4re auf dem Campingplatz zu genie\u00dfen. Freuen Sie sich auf Ihren <strong>Aufenthalt an den Ufern des Sees von Montpezat<\/strong>!<\/p>\n\n\n\n<p>Nachdem Sie in den Seen des Verdon ausgiebig gebadet und geplantscht haben, ist es an der Zeit, die Gegend zu Fu\u00df unsicher zu machen! Unser Campingplatz punktet mit seiner idealen geografischen Lage in der N\u00e4he des ber\u00fchmten Lac de Sainte-Croix. An den See grenzen einige der sch\u00f6nsten D\u00f6rfer Frankreichs, wie Bauduen, Esparron-de-Verdon, Gr\u00e9oux-les-Bains oder auch Moustiers-Sainte-Marie, die Sie mit Ihrer Familie entdecken k\u00f6nnen.<\/p>\n\n\n\n<figure class=\"wp-block-embed is-type-video is-provider-youtube wp-block-embed-youtube wp-embed-aspect-16-9 wp-has-aspect-ratio\"><div class=\"wp-block-embed__wrapper\">\n<iframe title=\"Camping La Farigoulette Base Nautique - Ciela Village\" width=\"500\" height=\"281\" src=\"https:\/\/www.youtube.com\/embed\/r6aEoutEu0g?feature=oembed\" frameborder=\"0\" allow=\"accelerometer; autoplay; clipboard-write; encrypted-media; gyroscope; picture-in-picture; web-share\" referrerpolicy=\"strict-origin-when-cross-origin\" allowfullscreen><\/iframe>\n<\/div><\/figure>\n","protected":false},"excerpt":{"rendered":"<p>M\u00f6chten Sie w\u00e4hrend Ihres Urlaubs auf dem Campingplatz La Farigoulette nach Herzenslust im Wasser planschen und sich gleichzeitig eine Auszeit im Einklang mit der Natur g\u00f6nnen? Auf unserem 5-Sterne-Gel\u00e4nde im Herzen der Region Provence Alpes C\u00f4te d\u2018Azur bieten wir Ihnen neben dem beheizten Pool auch einen direkten Zugang zum See von Montpezat im Saint-Laurent-du-Verdon. So [&hellip;]<\/p>\n","protected":false},"author":1,"featured_media":0,"parent":0,"menu_order":0,"comment_status":"closed","ping_status":"closed","template":"","meta":{"_acf_changed":false,"footnotes":""},"class_list":["post-1614","page","type-page","status-publish","hentry"],"acf":[],"yoast_head":"<!-- This site is optimized with the Yoast SEO plugin v27.3 - https:\/\/yoast.com\/product\/yoast-seo-wordpress\/ -->\n<title>Campingplatz am See im Verdon | Campingplatz mit direktem Zugang zum See von Sainte Croix<\/title>\n<meta name=\"description\" content=\"Genie\u00dfen Sie einen Aufenthalt auf einem Campingplatz mit Wassersportzentrum und direktem Zugang zum See von Sainte Croix im Verdon. Perfekt f\u00fcr einen gelungenen Urlaub mit der Familie oder mit Freunden.\" \/>\n<meta name=\"robots\" content=\"index, follow, max-snippet:-1, max-image-preview:large, max-video-preview:-1\" \/>\n<link rel=\"canonical\" href=\"https:\/\/camping-la-farigoulette-verdon.com\/de\/buchen-sie-einen-aufenthalt-auf-einem-campingplatz-mit-direktem-zugang-zum-see-von-saint-laurent-du-verdon-und-einem-wassersportzentrum\/\" \/>\n<meta property=\"og:locale\" content=\"de_DE\" \/>\n<meta property=\"og:type\" content=\"article\" \/>\n<meta property=\"og:title\" content=\"Campingplatz am See im Verdon | Campingplatz mit direktem Zugang zum See von Sainte Croix\" \/>\n<meta property=\"og:description\" content=\"Genie\u00dfen Sie einen Aufenthalt auf einem Campingplatz mit Wassersportzentrum und direktem Zugang zum See von Sainte Croix im Verdon. Perfekt f\u00fcr einen gelungenen Urlaub mit der Familie oder mit Freunden.\" \/>\n<meta property=\"og:url\" content=\"https:\/\/camping-la-farigoulette-verdon.com\/de\/buchen-sie-einen-aufenthalt-auf-einem-campingplatz-mit-direktem-zugang-zum-see-von-saint-laurent-du-verdon-und-einem-wassersportzentrum\/\" \/>\n<meta property=\"og:site_name\" content=\"Camping La Farigoulette\" \/>\n<meta property=\"article:modified_time\" content=\"2023-11-03T08:50:44+00:00\" \/>\n<meta property=\"og:image\" content=\"https:\/\/camping-la-farigoulette-verdon.com\/wp-content\/uploads\/2023\/11\/camping-bord-de-lac-verdon-activites-nautiques.jpg\" \/>\n<meta name=\"twitter:card\" content=\"summary_large_image\" \/>\n<meta name=\"twitter:label1\" content=\"Gesch\u00e4tzte Lesezeit\" \/>\n\t<meta name=\"twitter:data1\" content=\"4\u00a0Minuten\" \/>\n<script type=\"application\/ld+json\" class=\"yoast-schema-graph\">{\"@context\":\"https:\\\/\\\/schema.org\",\"@graph\":[{\"@type\":\"WebPage\",\"@id\":\"https:\\\/\\\/camping-la-farigoulette-verdon.com\\\/de\\\/buchen-sie-einen-aufenthalt-auf-einem-campingplatz-mit-direktem-zugang-zum-see-von-saint-laurent-du-verdon-und-einem-wassersportzentrum\\\/\",\"url\":\"https:\\\/\\\/camping-la-farigoulette-verdon.com\\\/de\\\/buchen-sie-einen-aufenthalt-auf-einem-campingplatz-mit-direktem-zugang-zum-see-von-saint-laurent-du-verdon-und-einem-wassersportzentrum\\\/\",\"name\":\"Campingplatz am See im Verdon | Campingplatz mit direktem Zugang zum See von Sainte Croix\",\"isPartOf\":{\"@id\":\"https:\\\/\\\/camping-la-farigoulette-verdon.com\\\/de\\\/#website\"},\"primaryImageOfPage\":{\"@id\":\"https:\\\/\\\/camping-la-farigoulette-verdon.com\\\/de\\\/buchen-sie-einen-aufenthalt-auf-einem-campingplatz-mit-direktem-zugang-zum-see-von-saint-laurent-du-verdon-und-einem-wassersportzentrum\\\/#primaryimage\"},\"image\":{\"@id\":\"https:\\\/\\\/camping-la-farigoulette-verdon.com\\\/de\\\/buchen-sie-einen-aufenthalt-auf-einem-campingplatz-mit-direktem-zugang-zum-see-von-saint-laurent-du-verdon-und-einem-wassersportzentrum\\\/#primaryimage\"},\"thumbnailUrl\":\"https:\\\/\\\/camping-la-farigoulette-verdon.com\\\/wp-content\\\/uploads\\\/2023\\\/11\\\/camping-bord-de-lac-verdon-activites-nautiques.jpg\",\"datePublished\":\"2022-01-26T12:50:19+00:00\",\"dateModified\":\"2023-11-03T08:50:44+00:00\",\"description\":\"Genie\u00dfen Sie einen Aufenthalt auf einem Campingplatz mit Wassersportzentrum und direktem Zugang zum See von Sainte Croix im Verdon. Perfekt f\u00fcr einen gelungenen Urlaub mit der Familie oder mit Freunden.\",\"breadcrumb\":{\"@id\":\"https:\\\/\\\/camping-la-farigoulette-verdon.com\\\/de\\\/buchen-sie-einen-aufenthalt-auf-einem-campingplatz-mit-direktem-zugang-zum-see-von-saint-laurent-du-verdon-und-einem-wassersportzentrum\\\/#breadcrumb\"},\"inLanguage\":\"de\",\"potentialAction\":[{\"@type\":\"ReadAction\",\"target\":[\"https:\\\/\\\/camping-la-farigoulette-verdon.com\\\/de\\\/buchen-sie-einen-aufenthalt-auf-einem-campingplatz-mit-direktem-zugang-zum-see-von-saint-laurent-du-verdon-und-einem-wassersportzentrum\\\/\"]}]},{\"@type\":\"ImageObject\",\"inLanguage\":\"de\",\"@id\":\"https:\\\/\\\/camping-la-farigoulette-verdon.com\\\/de\\\/buchen-sie-einen-aufenthalt-auf-einem-campingplatz-mit-direktem-zugang-zum-see-von-saint-laurent-du-verdon-und-einem-wassersportzentrum\\\/#primaryimage\",\"url\":\"https:\\\/\\\/camping-la-farigoulette-verdon.com\\\/wp-content\\\/uploads\\\/2023\\\/11\\\/camping-bord-de-lac-verdon-activites-nautiques.jpg\",\"contentUrl\":\"https:\\\/\\\/camping-la-farigoulette-verdon.com\\\/wp-content\\\/uploads\\\/2023\\\/11\\\/camping-bord-de-lac-verdon-activites-nautiques.jpg\"},{\"@type\":\"BreadcrumbList\",\"@id\":\"https:\\\/\\\/camping-la-farigoulette-verdon.com\\\/de\\\/buchen-sie-einen-aufenthalt-auf-einem-campingplatz-mit-direktem-zugang-zum-see-von-saint-laurent-du-verdon-und-einem-wassersportzentrum\\\/#breadcrumb\",\"itemListElement\":[{\"@type\":\"ListItem\",\"position\":1,\"name\":\"Camping Verdon\",\"item\":\"https:\\\/\\\/camping-la-farigoulette-verdon.com\\\/de\\\/\"},{\"@type\":\"ListItem\",\"position\":2,\"name\":\"Buchen Sie einen Aufenthalt auf einem Campingplatz mit direktem Zugang zum See von Montpezat und einem Wassersportzentrum\"}]},{\"@type\":\"WebSite\",\"@id\":\"https:\\\/\\\/camping-la-farigoulette-verdon.com\\\/de\\\/#website\",\"url\":\"https:\\\/\\\/camping-la-farigoulette-verdon.com\\\/de\\\/\",\"name\":\"Camping La Farigoulette\",\"description\":\"\",\"potentialAction\":[{\"@type\":\"SearchAction\",\"target\":{\"@type\":\"EntryPoint\",\"urlTemplate\":\"https:\\\/\\\/camping-la-farigoulette-verdon.com\\\/de\\\/?s={search_term_string}\"},\"query-input\":{\"@type\":\"PropertyValueSpecification\",\"valueRequired\":true,\"valueName\":\"search_term_string\"}}],\"inLanguage\":\"de\"}]}<\/script>\n<!-- \/ Yoast SEO plugin. -->","yoast_head_json":{"title":"Campingplatz am See im Verdon | Campingplatz mit direktem Zugang zum See von Sainte Croix","description":"Genie\u00dfen Sie einen Aufenthalt auf einem Campingplatz mit Wassersportzentrum und direktem Zugang zum See von Sainte Croix im Verdon. Perfekt f\u00fcr einen gelungenen Urlaub mit der Familie oder mit Freunden.","robots":{"index":"index","follow":"follow","max-snippet":"max-snippet:-1","max-image-preview":"max-image-preview:large","max-video-preview":"max-video-preview:-1"},"canonical":"https:\/\/camping-la-farigoulette-verdon.com\/de\/buchen-sie-einen-aufenthalt-auf-einem-campingplatz-mit-direktem-zugang-zum-see-von-saint-laurent-du-verdon-und-einem-wassersportzentrum\/","og_locale":"de_DE","og_type":"article","og_title":"Campingplatz am See im Verdon | Campingplatz mit direktem Zugang zum See von Sainte Croix","og_description":"Genie\u00dfen Sie einen Aufenthalt auf einem Campingplatz mit Wassersportzentrum und direktem Zugang zum See von Sainte Croix im Verdon. Perfekt f\u00fcr einen gelungenen Urlaub mit der Familie oder mit Freunden.","og_url":"https:\/\/camping-la-farigoulette-verdon.com\/de\/buchen-sie-einen-aufenthalt-auf-einem-campingplatz-mit-direktem-zugang-zum-see-von-saint-laurent-du-verdon-und-einem-wassersportzentrum\/","og_site_name":"Camping La Farigoulette","article_modified_time":"2023-11-03T08:50:44+00:00","og_image":[{"url":"https:\/\/camping-la-farigoulette-verdon.com\/wp-content\/uploads\/2023\/11\/camping-bord-de-lac-verdon-activites-nautiques.jpg","type":"","width":"","height":""}],"twitter_card":"summary_large_image","twitter_misc":{"Gesch\u00e4tzte Lesezeit":"4\u00a0Minuten"},"schema":{"@context":"https:\/\/schema.org","@graph":[{"@type":"WebPage","@id":"https:\/\/camping-la-farigoulette-verdon.com\/de\/buchen-sie-einen-aufenthalt-auf-einem-campingplatz-mit-direktem-zugang-zum-see-von-saint-laurent-du-verdon-und-einem-wassersportzentrum\/","url":"https:\/\/camping-la-farigoulette-verdon.com\/de\/buchen-sie-einen-aufenthalt-auf-einem-campingplatz-mit-direktem-zugang-zum-see-von-saint-laurent-du-verdon-und-einem-wassersportzentrum\/","name":"Campingplatz am See im Verdon | Campingplatz mit direktem Zugang zum See von Sainte Croix","isPartOf":{"@id":"https:\/\/camping-la-farigoulette-verdon.com\/de\/#website"},"primaryImageOfPage":{"@id":"https:\/\/camping-la-farigoulette-verdon.com\/de\/buchen-sie-einen-aufenthalt-auf-einem-campingplatz-mit-direktem-zugang-zum-see-von-saint-laurent-du-verdon-und-einem-wassersportzentrum\/#primaryimage"},"image":{"@id":"https:\/\/camping-la-farigoulette-verdon.com\/de\/buchen-sie-einen-aufenthalt-auf-einem-campingplatz-mit-direktem-zugang-zum-see-von-saint-laurent-du-verdon-und-einem-wassersportzentrum\/#primaryimage"},"thumbnailUrl":"https:\/\/camping-la-farigoulette-verdon.com\/wp-content\/uploads\/2023\/11\/camping-bord-de-lac-verdon-activites-nautiques.jpg","datePublished":"2022-01-26T12:50:19+00:00","dateModified":"2023-11-03T08:50:44+00:00","description":"Genie\u00dfen Sie einen Aufenthalt auf einem Campingplatz mit Wassersportzentrum und direktem Zugang zum See von Sainte Croix im Verdon. Perfekt f\u00fcr einen gelungenen Urlaub mit der Familie oder mit Freunden.","breadcrumb":{"@id":"https:\/\/camping-la-farigoulette-verdon.com\/de\/buchen-sie-einen-aufenthalt-auf-einem-campingplatz-mit-direktem-zugang-zum-see-von-saint-laurent-du-verdon-und-einem-wassersportzentrum\/#breadcrumb"},"inLanguage":"de","potentialAction":[{"@type":"ReadAction","target":["https:\/\/camping-la-farigoulette-verdon.com\/de\/buchen-sie-einen-aufenthalt-auf-einem-campingplatz-mit-direktem-zugang-zum-see-von-saint-laurent-du-verdon-und-einem-wassersportzentrum\/"]}]},{"@type":"ImageObject","inLanguage":"de","@id":"https:\/\/camping-la-farigoulette-verdon.com\/de\/buchen-sie-einen-aufenthalt-auf-einem-campingplatz-mit-direktem-zugang-zum-see-von-saint-laurent-du-verdon-und-einem-wassersportzentrum\/#primaryimage","url":"https:\/\/camping-la-farigoulette-verdon.com\/wp-content\/uploads\/2023\/11\/camping-bord-de-lac-verdon-activites-nautiques.jpg","contentUrl":"https:\/\/camping-la-farigoulette-verdon.com\/wp-content\/uploads\/2023\/11\/camping-bord-de-lac-verdon-activites-nautiques.jpg"},{"@type":"BreadcrumbList","@id":"https:\/\/camping-la-farigoulette-verdon.com\/de\/buchen-sie-einen-aufenthalt-auf-einem-campingplatz-mit-direktem-zugang-zum-see-von-saint-laurent-du-verdon-und-einem-wassersportzentrum\/#breadcrumb","itemListElement":[{"@type":"ListItem","position":1,"name":"Camping Verdon","item":"https:\/\/camping-la-farigoulette-verdon.com\/de\/"},{"@type":"ListItem","position":2,"name":"Buchen Sie einen Aufenthalt auf einem Campingplatz mit direktem Zugang zum See von Montpezat und einem Wassersportzentrum"}]},{"@type":"WebSite","@id":"https:\/\/camping-la-farigoulette-verdon.com\/de\/#website","url":"https:\/\/camping-la-farigoulette-verdon.com\/de\/","name":"Camping La Farigoulette","description":"","potentialAction":[{"@type":"SearchAction","target":{"@type":"EntryPoint","urlTemplate":"https:\/\/camping-la-farigoulette-verdon.com\/de\/?s={search_term_string}"},"query-input":{"@type":"PropertyValueSpecification","valueRequired":true,"valueName":"search_term_string"}}],"inLanguage":"de"}]}},"_links":{"self":[{"href":"https:\/\/camping-la-farigoulette-verdon.com\/de\/wp-json\/wp\/v2\/pages\/1614","targetHints":{"allow":["GET"]}}],"collection":[{"href":"https:\/\/camping-la-farigoulette-verdon.com\/de\/wp-json\/wp\/v2\/pages"}],"about":[{"href":"https:\/\/camping-la-farigoulette-verdon.com\/de\/wp-json\/wp\/v2\/types\/page"}],"author":[{"embeddable":true,"href":"https:\/\/camping-la-farigoulette-verdon.com\/de\/wp-json\/wp\/v2\/users\/1"}],"replies":[{"embeddable":true,"href":"https:\/\/camping-la-farigoulette-verdon.com\/de\/wp-json\/wp\/v2\/comments?post=1614"}],"version-history":[{"count":4,"href":"https:\/\/camping-la-farigoulette-verdon.com\/de\/wp-json\/wp\/v2\/pages\/1614\/revisions"}],"predecessor-version":[{"id":4423,"href":"https:\/\/camping-la-farigoulette-verdon.com\/de\/wp-json\/wp\/v2\/pages\/1614\/revisions\/4423"}],"wp:attachment":[{"href":"https:\/\/camping-la-farigoulette-verdon.com\/de\/wp-json\/wp\/v2\/media?parent=1614"}],"curies":[{"name":"wp","href":"https:\/\/api.w.org\/{rel}","templated":true}]}}