{"id":1696,"date":"2022-01-26T14:21:46","date_gmt":"2022-01-26T13:21:46","guid":{"rendered":"https:\/\/camping-la-farigoulette-verdon.com\/?page_id=1696"},"modified":"2022-01-26T14:31:35","modified_gmt":"2022-01-26T13:31:35","slug":"hochwertige-campingplaetze-in-suedfrankreich","status":"publish","type":"page","link":"https:\/\/camping-la-farigoulette-verdon.com\/de\/hochwertige-campingplaetze-in-suedfrankreich\/","title":{"rendered":"Hochwertige Campingpl\u00e4tze in S\u00fcdfrankreich"},"content":{"rendered":"\n<figure class=\"wp-block-gallery has-nested-images columns-default is-cropped wp-block-gallery-1 is-layout-flex wp-block-gallery-is-layout-flex\">\n<figure class=\"wp-block-image size-large\"><img decoding=\"async\" width=\"500\" height=\"400\" data-id=\"551\" src=\"https:\/\/camping-la-farigoulette-verdon.com\/wp-content\/uploads\/2021\/11\/100_Camping_Verdon_Ciela_Village_Farigoulette_Hebergements.jpg\" alt=\"\" class=\"wp-image-551\" srcset=\"https:\/\/camping-la-farigoulette-verdon.com\/wp-content\/uploads\/2021\/11\/100_Camping_Verdon_Ciela_Village_Farigoulette_Hebergements.jpg 500w, https:\/\/camping-la-farigoulette-verdon.com\/wp-content\/uploads\/2021\/11\/100_Camping_Verdon_Ciela_Village_Farigoulette_Hebergements-300x240.jpg 300w\" sizes=\"(max-width: 500px) 100vw, 500px\" \/><\/figure>\n\n\n\n<figure class=\"wp-block-image size-large\"><img decoding=\"async\" width=\"500\" height=\"400\" data-id=\"556\" src=\"https:\/\/camping-la-farigoulette-verdon.com\/wp-content\/uploads\/2021\/11\/camping-verdon-piscine-farigoulette-ciela-village-9.jpg\" alt=\"\" class=\"wp-image-556\" srcset=\"https:\/\/camping-la-farigoulette-verdon.com\/wp-content\/uploads\/2021\/11\/camping-verdon-piscine-farigoulette-ciela-village-9.jpg 500w, https:\/\/camping-la-farigoulette-verdon.com\/wp-content\/uploads\/2021\/11\/camping-verdon-piscine-farigoulette-ciela-village-9-300x240.jpg 300w\" sizes=\"(max-width: 500px) 100vw, 500px\" \/><\/figure>\n\n\n\n<figure class=\"wp-block-image size-large\"><img decoding=\"async\" width=\"500\" height=\"400\" data-id=\"561\" src=\"https:\/\/camping-la-farigoulette-verdon.com\/wp-content\/uploads\/2021\/11\/Farigoulette633A0346.jpg\" alt=\"\" class=\"wp-image-561\" srcset=\"https:\/\/camping-la-farigoulette-verdon.com\/wp-content\/uploads\/2021\/11\/Farigoulette633A0346.jpg 500w, https:\/\/camping-la-farigoulette-verdon.com\/wp-content\/uploads\/2021\/11\/Farigoulette633A0346-300x240.jpg 300w\" sizes=\"(max-width: 500px) 100vw, 500px\" \/><\/figure>\n<\/figure>\n\n\n\n<h2 class=\"wp-block-heading\" id=\"die-philosophie-von-ciela-village\"><strong><strong><strong><strong>Die Philosophie von Ciela Village<\/strong><\/strong><\/strong><\/strong><\/h2>\n\n\n\n<p>Sie stehen kurz davor, Ihren Traumurlaub auf einem Ciela Village-Campingplatz zu verbringen!<\/p>\n\n\n\n<p>Im Herzen des Naturparks Verdon, am Ufer eines Sees, empf\u00e4ngt Sie unser <strong>5-Sterne-Campingplatz La Farigoulette<\/strong> f\u00fcr einen Aufenthalt in einer au\u00dfergew\u00f6hnlichen Umgebung.&nbsp;<\/p>\n\n\n\n<p>Wir m\u00f6chten unseren Urlaubsg\u00e4sten die M\u00f6glichkeit bieten, w\u00e4hrend ihres Aufenthalts Natur und Komfort miteinander zu verbinden.<\/p>\n\n\n\n<p>Auf unserem gr\u00fcnen Gel\u00e4nde wohnen Sie auf <strong>ger\u00e4umigen Stellpl\u00e4tzen<\/strong> in <strong>modernen<\/strong>, perfekt ausgestatteten <strong>Mobilheimen<\/strong> mit Terrasse. Perfekt, um entspannende und gesellige Momente mit der Familie oder Freunden im Freien genie\u00dfen zu k\u00f6nnen. Lassen Sie sich unsere individuell w\u00e4hlbaren Dienstleistungen, zahlreichen Animationen und Aktivit\u00e4ten rund um Sport, Wasser und Entertainment f\u00fcr Gro\u00df und Klein nicht entgehen!&nbsp;<\/p>\n\n\n\n<p>Unser Campingplatz liegt in einer Region mit einzigartigen Sch\u00e4tzen: atemberaubende Landschaften, eine artenreiche Flora und Fauna sowie kleine D\u00f6rfer mit Charme und Charakter.<\/p>\n\n\n\n<p>Die ideale geografische Lage des Campingplatzes erm\u00f6glicht es Ihnen, den gr\u00f6\u00dften Canyon Europas zu entdecken: die <strong>Gorges du Verdon<\/strong>.<\/p>\n\n\n\n<p>Die Umgebung l\u00e4dt zum Entspannen und Abschalten ein: Lassen Sie die Seele baumeln und vergessen Sie den Alltagsstress. Auf unserem Ciela Village Campingplatz garantieren wir Ihnen einen unvergesslichen Urlaub im Herzen eines au\u00dfergew\u00f6hnlichen Ortes. &nbsp;<\/p>\n\n\n\n<p>In den <strong>Einrichtungen der Ciela Village Gruppe<\/strong> haben das Wohlbefinden unserer Urlaubsg\u00e4ste und eine famili\u00e4re Atmosph\u00e4re stets oberste Priorit\u00e4t. Deswegen geben wir uns gro\u00dfe M\u00fche, um Ihnen eine einzigartige Erfahrung zu erm\u00f6glichen, an die Sie sich noch lange erinnern!<\/p>\n\n\n\n<p>Unsere Teams sind motivierter denn je und setzen alles daran, Ihnen wertvolle Momente der Gemeinsamkeit mit der Familie oder Freunden zu verschaffen! Geselligkeit, gute Laune und zwischenmenschlicher Austausch sind w\u00e4hrend Ihres Aufenthalts an der Tagesordnung!&nbsp;<\/p>\n\n\n\n<h2 class=\"wp-block-heading\" id=\"die-4-und-5-sterne-campingplatze-der-ciela-village-gruppe\"><strong>Die 4- und 5-Sterne-Campingpl\u00e4tze der Ciela Village-Gruppe&nbsp;<\/strong> <\/h2>\n\n\n\n<p>War Ihr Aufenthalt auf unserem Campingplatz La Farigoulette in Saint-Laurent-du-Verdon ein Erfolg? Wie w\u00e4re es, wenn Sie einen neuen Ciela Village-Campingplatz an einem anderen Reiseziel entdecken?<\/p>\n\n\n\n<h3 class=\"wp-block-heading\" id=\"atlantica-campsite-a-saint-jean-de-luz\"><a href=\"https:\/\/cielavillage.fr\/nl\/campings\/atlantica-st-jean-de-luz.html\">ATLANTICA CAMPSITE \u00c0 SAINT-JEAN-DE-LUZ<\/a><\/h3>\n\n\n\n<h3 class=\"wp-block-heading\" id=\"au-lac-campsite-de-biscarrosse-a-parentis-en-born\"><a href=\"https:\/\/cielavillage.fr\/nl\/campings\/camping-au-lac-de-biscarrosse-biscarrosse.html\" target=\"_blank\" rel=\"noreferrer noopener\">AU LAC DE BISCARROSSE CAMPSITE \u00c0 PARENTIS EN BORN<\/a><\/h3>\n\n\n\n<h3 class=\"wp-block-heading\" id=\"la-rive-campsite-in-biscarrosse\"><a href=\"https:\/\/cielavillage.fr\/nl\/campings\/atlantica-st-jean-de-luz.html\">LA RIVE CAMPSITE IN BISCARROSSE<\/a><\/h3>\n\n\n\n<h3 class=\"wp-block-heading\" id=\"le-pommier-campsite-en-ardeche\"><a href=\"https:\/\/cielavillage.fr\/nl\/campings\/le-pommier-villeneuve-de-berg.html\">LE POMMIER CAMPSITE EN ARD\u00c8CHE<\/a><\/h3>\n\n\n\n<h3 class=\"wp-block-heading\" id=\"les-fontaines-campsite-in-the-luberon\"><a href=\"https:\/\/cielavillage.fr\/nl\/campings\/les-fontaines-pernes-les-fontaines.html\">LES FONTAINES CAMPSITE IN THE LUB\u00c9RON<\/a><\/h3>\n\n\n\n<h3 class=\"wp-block-heading\" id=\"les-marsouins-campsite-in-argeles-sur-mer\"><a href=\"https:\/\/cielavillage.fr\/nl\/campings\/les-marsouins.html\">LES MARSOUINS CAMPSITE IN ARGELES SUR MER<\/a><\/h3>\n\n\n\n<h3 class=\"wp-block-heading\" id=\"terra-verdon-campsite-in-castellane\"><a href=\"https:\/\/cielavillage.fr\/nl\/campings\/terra-verdon-castellane.html\">TERRA VERDON CAMPSITE IN CASTELLANE<\/a><\/h3>\n\n\n\n<h3 class=\"wp-block-heading\" id=\"castel-rose-campsite-in-anduze\"><a href=\"https:\/\/cielavillage.fr\/nl\/campings\/camping-le-castel-rose-anduze.html\">CASTEL ROSE CAMPSITE IN ANDUZE<\/a><\/h3>\n\n\n\n<h3 class=\"wp-block-heading\" id=\"avignon-parc-campsite-in-vedene\"><a href=\"https:\/\/cielavillage.fr\/nl\/campings\/camping-avignon-parc-vedene.html\">AVIGNON PARC CAMPSITE IN VEDENE<\/a><\/h3>\n","protected":false},"excerpt":{"rendered":"<p>Die Philosophie von Ciela Village Sie stehen kurz davor, Ihren Traumurlaub auf einem Ciela Village-Campingplatz zu verbringen! Im Herzen des Naturparks Verdon, am Ufer eines Sees, empf\u00e4ngt Sie unser 5-Sterne-Campingplatz La Farigoulette f\u00fcr einen Aufenthalt in einer au\u00dfergew\u00f6hnlichen Umgebung.&nbsp; Wir m\u00f6chten unseren Urlaubsg\u00e4sten die M\u00f6glichkeit bieten, w\u00e4hrend ihres Aufenthalts Natur und Komfort miteinander zu verbinden. [&hellip;]<\/p>\n","protected":false},"author":1,"featured_media":0,"parent":0,"menu_order":0,"comment_status":"closed","ping_status":"closed","template":"","meta":{"_acf_changed":false,"footnotes":""},"class_list":["post-1696","page","type-page","status-publish","hentry"],"acf":[],"yoast_head":"<!-- This site is optimized with the Yoast SEO plugin v27.3 - https:\/\/yoast.com\/product\/yoast-seo-wordpress\/ -->\n<title>Hochwertige Campingpl\u00e4tze in S\u00fcdfrankreich &#8211; Camping La Farigoulette<\/title>\n<meta name=\"robots\" content=\"index, follow, max-snippet:-1, max-image-preview:large, max-video-preview:-1\" \/>\n<link rel=\"canonical\" href=\"https:\/\/camping-la-farigoulette-verdon.com\/de\/hochwertige-campingplaetze-in-suedfrankreich\/\" \/>\n<meta property=\"og:locale\" content=\"de_DE\" \/>\n<meta property=\"og:type\" content=\"article\" \/>\n<meta property=\"og:title\" content=\"Hochwertige Campingpl\u00e4tze in S\u00fcdfrankreich &#8211; Camping La Farigoulette\" \/>\n<meta property=\"og:description\" content=\"Die Philosophie von Ciela Village Sie stehen kurz davor, Ihren Traumurlaub auf einem Ciela Village-Campingplatz zu verbringen! Im Herzen des Naturparks Verdon, am Ufer eines Sees, empf\u00e4ngt Sie unser 5-Sterne-Campingplatz La Farigoulette f\u00fcr einen Aufenthalt in einer au\u00dfergew\u00f6hnlichen Umgebung.&nbsp; Wir m\u00f6chten unseren Urlaubsg\u00e4sten die M\u00f6glichkeit bieten, w\u00e4hrend ihres Aufenthalts Natur und Komfort miteinander zu verbinden. [&hellip;]\" \/>\n<meta property=\"og:url\" content=\"https:\/\/camping-la-farigoulette-verdon.com\/de\/hochwertige-campingplaetze-in-suedfrankreich\/\" \/>\n<meta property=\"og:site_name\" content=\"Camping La Farigoulette\" \/>\n<meta property=\"article:modified_time\" content=\"2022-01-26T13:31:35+00:00\" \/>\n<meta property=\"og:image\" content=\"https:\/\/camping-la-farigoulette-verdon.com\/wp-content\/uploads\/2021\/11\/100_Camping_Verdon_Ciela_Village_Farigoulette_Hebergements.jpg\" \/>\n<meta name=\"twitter:card\" content=\"summary_large_image\" \/>\n<meta name=\"twitter:label1\" content=\"Gesch\u00e4tzte Lesezeit\" \/>\n\t<meta name=\"twitter:data1\" content=\"3\u00a0Minuten\" \/>\n<script type=\"application\/ld+json\" class=\"yoast-schema-graph\">{\"@context\":\"https:\\\/\\\/schema.org\",\"@graph\":[{\"@type\":\"WebPage\",\"@id\":\"https:\\\/\\\/camping-la-farigoulette-verdon.com\\\/de\\\/hochwertige-campingplaetze-in-suedfrankreich\\\/\",\"url\":\"https:\\\/\\\/camping-la-farigoulette-verdon.com\\\/de\\\/hochwertige-campingplaetze-in-suedfrankreich\\\/\",\"name\":\"Hochwertige Campingpl\u00e4tze in S\u00fcdfrankreich &#8211; Camping La Farigoulette\",\"isPartOf\":{\"@id\":\"https:\\\/\\\/camping-la-farigoulette-verdon.com\\\/de\\\/#website\"},\"primaryImageOfPage\":{\"@id\":\"https:\\\/\\\/camping-la-farigoulette-verdon.com\\\/de\\\/hochwertige-campingplaetze-in-suedfrankreich\\\/#primaryimage\"},\"image\":{\"@id\":\"https:\\\/\\\/camping-la-farigoulette-verdon.com\\\/de\\\/hochwertige-campingplaetze-in-suedfrankreich\\\/#primaryimage\"},\"thumbnailUrl\":\"https:\\\/\\\/camping-la-farigoulette-verdon.com\\\/wp-content\\\/uploads\\\/2021\\\/11\\\/100_Camping_Verdon_Ciela_Village_Farigoulette_Hebergements.jpg\",\"datePublished\":\"2022-01-26T13:21:46+00:00\",\"dateModified\":\"2022-01-26T13:31:35+00:00\",\"breadcrumb\":{\"@id\":\"https:\\\/\\\/camping-la-farigoulette-verdon.com\\\/de\\\/hochwertige-campingplaetze-in-suedfrankreich\\\/#breadcrumb\"},\"inLanguage\":\"de\",\"potentialAction\":[{\"@type\":\"ReadAction\",\"target\":[\"https:\\\/\\\/camping-la-farigoulette-verdon.com\\\/de\\\/hochwertige-campingplaetze-in-suedfrankreich\\\/\"]}]},{\"@type\":\"ImageObject\",\"inLanguage\":\"de\",\"@id\":\"https:\\\/\\\/camping-la-farigoulette-verdon.com\\\/de\\\/hochwertige-campingplaetze-in-suedfrankreich\\\/#primaryimage\",\"url\":\"https:\\\/\\\/camping-la-farigoulette-verdon.com\\\/wp-content\\\/uploads\\\/2021\\\/11\\\/100_Camping_Verdon_Ciela_Village_Farigoulette_Hebergements.jpg\",\"contentUrl\":\"https:\\\/\\\/camping-la-farigoulette-verdon.com\\\/wp-content\\\/uploads\\\/2021\\\/11\\\/100_Camping_Verdon_Ciela_Village_Farigoulette_Hebergements.jpg\"},{\"@type\":\"BreadcrumbList\",\"@id\":\"https:\\\/\\\/camping-la-farigoulette-verdon.com\\\/de\\\/hochwertige-campingplaetze-in-suedfrankreich\\\/#breadcrumb\",\"itemListElement\":[{\"@type\":\"ListItem\",\"position\":1,\"name\":\"Camping Verdon\",\"item\":\"https:\\\/\\\/camping-la-farigoulette-verdon.com\\\/de\\\/\"},{\"@type\":\"ListItem\",\"position\":2,\"name\":\"Hochwertige Campingpl\u00e4tze in S\u00fcdfrankreich\"}]},{\"@type\":\"WebSite\",\"@id\":\"https:\\\/\\\/camping-la-farigoulette-verdon.com\\\/de\\\/#website\",\"url\":\"https:\\\/\\\/camping-la-farigoulette-verdon.com\\\/de\\\/\",\"name\":\"Camping La Farigoulette\",\"description\":\"\",\"potentialAction\":[{\"@type\":\"SearchAction\",\"target\":{\"@type\":\"EntryPoint\",\"urlTemplate\":\"https:\\\/\\\/camping-la-farigoulette-verdon.com\\\/de\\\/?s={search_term_string}\"},\"query-input\":{\"@type\":\"PropertyValueSpecification\",\"valueRequired\":true,\"valueName\":\"search_term_string\"}}],\"inLanguage\":\"de\"}]}<\/script>\n<!-- \/ Yoast SEO plugin. -->","yoast_head_json":{"title":"Hochwertige Campingpl\u00e4tze in S\u00fcdfrankreich &#8211; Camping La Farigoulette","robots":{"index":"index","follow":"follow","max-snippet":"max-snippet:-1","max-image-preview":"max-image-preview:large","max-video-preview":"max-video-preview:-1"},"canonical":"https:\/\/camping-la-farigoulette-verdon.com\/de\/hochwertige-campingplaetze-in-suedfrankreich\/","og_locale":"de_DE","og_type":"article","og_title":"Hochwertige Campingpl\u00e4tze in S\u00fcdfrankreich &#8211; Camping La Farigoulette","og_description":"Die Philosophie von Ciela Village Sie stehen kurz davor, Ihren Traumurlaub auf einem Ciela Village-Campingplatz zu verbringen! Im Herzen des Naturparks Verdon, am Ufer eines Sees, empf\u00e4ngt Sie unser 5-Sterne-Campingplatz La Farigoulette f\u00fcr einen Aufenthalt in einer au\u00dfergew\u00f6hnlichen Umgebung.&nbsp; Wir m\u00f6chten unseren Urlaubsg\u00e4sten die M\u00f6glichkeit bieten, w\u00e4hrend ihres Aufenthalts Natur und Komfort miteinander zu verbinden. [&hellip;]","og_url":"https:\/\/camping-la-farigoulette-verdon.com\/de\/hochwertige-campingplaetze-in-suedfrankreich\/","og_site_name":"Camping La Farigoulette","article_modified_time":"2022-01-26T13:31:35+00:00","og_image":[{"url":"https:\/\/camping-la-farigoulette-verdon.com\/wp-content\/uploads\/2021\/11\/100_Camping_Verdon_Ciela_Village_Farigoulette_Hebergements.jpg","type":"","width":"","height":""}],"twitter_card":"summary_large_image","twitter_misc":{"Gesch\u00e4tzte Lesezeit":"3\u00a0Minuten"},"schema":{"@context":"https:\/\/schema.org","@graph":[{"@type":"WebPage","@id":"https:\/\/camping-la-farigoulette-verdon.com\/de\/hochwertige-campingplaetze-in-suedfrankreich\/","url":"https:\/\/camping-la-farigoulette-verdon.com\/de\/hochwertige-campingplaetze-in-suedfrankreich\/","name":"Hochwertige Campingpl\u00e4tze in S\u00fcdfrankreich &#8211; Camping La Farigoulette","isPartOf":{"@id":"https:\/\/camping-la-farigoulette-verdon.com\/de\/#website"},"primaryImageOfPage":{"@id":"https:\/\/camping-la-farigoulette-verdon.com\/de\/hochwertige-campingplaetze-in-suedfrankreich\/#primaryimage"},"image":{"@id":"https:\/\/camping-la-farigoulette-verdon.com\/de\/hochwertige-campingplaetze-in-suedfrankreich\/#primaryimage"},"thumbnailUrl":"https:\/\/camping-la-farigoulette-verdon.com\/wp-content\/uploads\/2021\/11\/100_Camping_Verdon_Ciela_Village_Farigoulette_Hebergements.jpg","datePublished":"2022-01-26T13:21:46+00:00","dateModified":"2022-01-26T13:31:35+00:00","breadcrumb":{"@id":"https:\/\/camping-la-farigoulette-verdon.com\/de\/hochwertige-campingplaetze-in-suedfrankreich\/#breadcrumb"},"inLanguage":"de","potentialAction":[{"@type":"ReadAction","target":["https:\/\/camping-la-farigoulette-verdon.com\/de\/hochwertige-campingplaetze-in-suedfrankreich\/"]}]},{"@type":"ImageObject","inLanguage":"de","@id":"https:\/\/camping-la-farigoulette-verdon.com\/de\/hochwertige-campingplaetze-in-suedfrankreich\/#primaryimage","url":"https:\/\/camping-la-farigoulette-verdon.com\/wp-content\/uploads\/2021\/11\/100_Camping_Verdon_Ciela_Village_Farigoulette_Hebergements.jpg","contentUrl":"https:\/\/camping-la-farigoulette-verdon.com\/wp-content\/uploads\/2021\/11\/100_Camping_Verdon_Ciela_Village_Farigoulette_Hebergements.jpg"},{"@type":"BreadcrumbList","@id":"https:\/\/camping-la-farigoulette-verdon.com\/de\/hochwertige-campingplaetze-in-suedfrankreich\/#breadcrumb","itemListElement":[{"@type":"ListItem","position":1,"name":"Camping Verdon","item":"https:\/\/camping-la-farigoulette-verdon.com\/de\/"},{"@type":"ListItem","position":2,"name":"Hochwertige Campingpl\u00e4tze in S\u00fcdfrankreich"}]},{"@type":"WebSite","@id":"https:\/\/camping-la-farigoulette-verdon.com\/de\/#website","url":"https:\/\/camping-la-farigoulette-verdon.com\/de\/","name":"Camping La Farigoulette","description":"","potentialAction":[{"@type":"SearchAction","target":{"@type":"EntryPoint","urlTemplate":"https:\/\/camping-la-farigoulette-verdon.com\/de\/?s={search_term_string}"},"query-input":{"@type":"PropertyValueSpecification","valueRequired":true,"valueName":"search_term_string"}}],"inLanguage":"de"}]}},"_links":{"self":[{"href":"https:\/\/camping-la-farigoulette-verdon.com\/de\/wp-json\/wp\/v2\/pages\/1696","targetHints":{"allow":["GET"]}}],"collection":[{"href":"https:\/\/camping-la-farigoulette-verdon.com\/de\/wp-json\/wp\/v2\/pages"}],"about":[{"href":"https:\/\/camping-la-farigoulette-verdon.com\/de\/wp-json\/wp\/v2\/types\/page"}],"author":[{"embeddable":true,"href":"https:\/\/camping-la-farigoulette-verdon.com\/de\/wp-json\/wp\/v2\/users\/1"}],"replies":[{"embeddable":true,"href":"https:\/\/camping-la-farigoulette-verdon.com\/de\/wp-json\/wp\/v2\/comments?post=1696"}],"version-history":[{"count":7,"href":"https:\/\/camping-la-farigoulette-verdon.com\/de\/wp-json\/wp\/v2\/pages\/1696\/revisions"}],"predecessor-version":[{"id":1712,"href":"https:\/\/camping-la-farigoulette-verdon.com\/de\/wp-json\/wp\/v2\/pages\/1696\/revisions\/1712"}],"wp:attachment":[{"href":"https:\/\/camping-la-farigoulette-verdon.com\/de\/wp-json\/wp\/v2\/media?parent=1696"}],"curies":[{"name":"wp","href":"https:\/\/api.w.org\/{rel}","templated":true}]}}