{"id":1898,"date":"2022-01-26T15:42:05","date_gmt":"2022-01-26T14:42:05","guid":{"rendered":"https:\/\/camping-la-farigoulette-verdon.com\/?page_id=1898"},"modified":"2025-06-19T14:09:27","modified_gmt":"2025-06-19T12:09:27","slug":"gaestebewertungen","status":"publish","type":"page","link":"https:\/\/camping-la-farigoulette-verdon.com\/de\/gaestebewertungen\/","title":{"rendered":"Die Bewertungen der G\u00e4ste des Campingplatzes La Farigoulette"},"content":{"rendered":"\n<div>\n<p>M\u00f6chten Sie die Meinung von Kunden erfahren, die bereits einen Urlaub auf unserem Campingplatz La Farigoulette in Saint-Laurent-du-Verdon verbracht haben? Hier finden Sie einen \u00dcberblick dar\u00fcber, was die Urlauber \u00fcber unseren 5-Sterne-Campingplatz im Verdon sagen.<\/p>\n<\/div>\n\n\n\n<h2 class=\"wp-block-heading\">Entdecken Sie alle unsere G\u00e4stebewertungen<\/h2>\n\n\n\n<div>\n<p>M\u00f6chten Sie mehr \u00fcber unseren sch\u00f6nen Campingplatz im Verdon mit direktem Zugang zum See erfahren? Untenstehend finden Sie alle Bewertungen, die unsere Kunden nach ihrem Aufenthalt auf dem Campingplatz La Farigoulette hinterlassen haben.<\/p>\n<\/div>\n","protected":false},"excerpt":{"rendered":"<p>M\u00f6chten Sie die Meinung von Kunden erfahren, die bereits einen Urlaub auf unserem Campingplatz La Farigoulette in Saint-Laurent-du-Verdon verbracht haben? Hier finden Sie einen \u00dcberblick dar\u00fcber, was die Urlauber \u00fcber unseren 5-Sterne-Campingplatz im Verdon sagen. Entdecken Sie alle unsere G\u00e4stebewertungen M\u00f6chten Sie mehr \u00fcber unseren sch\u00f6nen Campingplatz im Verdon mit direktem Zugang zum See erfahren? [&hellip;]<\/p>\n","protected":false},"author":1,"featured_media":0,"parent":0,"menu_order":0,"comment_status":"closed","ping_status":"closed","template":"template-avis.php","meta":{"_acf_changed":false,"footnotes":""},"class_list":["post-1898","page","type-page","status-publish","hentry"],"acf":[],"yoast_head":"<!-- This site is optimized with the Yoast SEO plugin v27.3 - https:\/\/yoast.com\/product\/yoast-seo-wordpress\/ -->\n<title>Die Bewertungen der G\u00e4ste des Campingplatzes La Farigoulette &#8211; Camping La Farigoulette<\/title>\n<meta name=\"robots\" content=\"index, follow, max-snippet:-1, max-image-preview:large, max-video-preview:-1\" \/>\n<link rel=\"canonical\" href=\"https:\/\/camping-la-farigoulette-verdon.com\/de\/gaestebewertungen\/\" \/>\n<meta property=\"og:locale\" content=\"de_DE\" \/>\n<meta property=\"og:type\" content=\"article\" \/>\n<meta property=\"og:title\" content=\"Die Bewertungen der G\u00e4ste des Campingplatzes La Farigoulette &#8211; Camping La Farigoulette\" \/>\n<meta property=\"og:description\" content=\"M\u00f6chten Sie die Meinung von Kunden erfahren, die bereits einen Urlaub auf unserem Campingplatz La Farigoulette in Saint-Laurent-du-Verdon verbracht haben? Hier finden Sie einen \u00dcberblick dar\u00fcber, was die Urlauber \u00fcber unseren 5-Sterne-Campingplatz im Verdon sagen. Entdecken Sie alle unsere G\u00e4stebewertungen M\u00f6chten Sie mehr \u00fcber unseren sch\u00f6nen Campingplatz im Verdon mit direktem Zugang zum See erfahren? [&hellip;]\" \/>\n<meta property=\"og:url\" content=\"https:\/\/camping-la-farigoulette-verdon.com\/de\/gaestebewertungen\/\" \/>\n<meta property=\"og:site_name\" content=\"Camping La Farigoulette\" \/>\n<meta property=\"article:modified_time\" content=\"2025-06-19T12:09:27+00:00\" \/>\n<meta name=\"twitter:card\" content=\"summary_large_image\" \/>\n<meta name=\"twitter:label1\" content=\"Gesch\u00e4tzte Lesezeit\" \/>\n\t<meta name=\"twitter:data1\" content=\"1\u00a0Minute\" \/>\n<script type=\"application\/ld+json\" class=\"yoast-schema-graph\">{\"@context\":\"https:\\\/\\\/schema.org\",\"@graph\":[{\"@type\":\"WebPage\",\"@id\":\"https:\\\/\\\/camping-la-farigoulette-verdon.com\\\/de\\\/gaestebewertungen\\\/\",\"url\":\"https:\\\/\\\/camping-la-farigoulette-verdon.com\\\/de\\\/gaestebewertungen\\\/\",\"name\":\"Die Bewertungen der G\u00e4ste des Campingplatzes La Farigoulette &#8211; Camping La Farigoulette\",\"isPartOf\":{\"@id\":\"https:\\\/\\\/camping-la-farigoulette-verdon.com\\\/de\\\/#website\"},\"datePublished\":\"2022-01-26T14:42:05+00:00\",\"dateModified\":\"2025-06-19T12:09:27+00:00\",\"breadcrumb\":{\"@id\":\"https:\\\/\\\/camping-la-farigoulette-verdon.com\\\/de\\\/gaestebewertungen\\\/#breadcrumb\"},\"inLanguage\":\"de\",\"potentialAction\":[{\"@type\":\"ReadAction\",\"target\":[\"https:\\\/\\\/camping-la-farigoulette-verdon.com\\\/de\\\/gaestebewertungen\\\/\"]}]},{\"@type\":\"BreadcrumbList\",\"@id\":\"https:\\\/\\\/camping-la-farigoulette-verdon.com\\\/de\\\/gaestebewertungen\\\/#breadcrumb\",\"itemListElement\":[{\"@type\":\"ListItem\",\"position\":1,\"name\":\"Camping Verdon\",\"item\":\"https:\\\/\\\/camping-la-farigoulette-verdon.com\\\/de\\\/\"},{\"@type\":\"ListItem\",\"position\":2,\"name\":\"Die Bewertungen der G\u00e4ste des Campingplatzes La Farigoulette\"}]},{\"@type\":\"WebSite\",\"@id\":\"https:\\\/\\\/camping-la-farigoulette-verdon.com\\\/de\\\/#website\",\"url\":\"https:\\\/\\\/camping-la-farigoulette-verdon.com\\\/de\\\/\",\"name\":\"Camping La Farigoulette\",\"description\":\"\",\"potentialAction\":[{\"@type\":\"SearchAction\",\"target\":{\"@type\":\"EntryPoint\",\"urlTemplate\":\"https:\\\/\\\/camping-la-farigoulette-verdon.com\\\/de\\\/?s={search_term_string}\"},\"query-input\":{\"@type\":\"PropertyValueSpecification\",\"valueRequired\":true,\"valueName\":\"search_term_string\"}}],\"inLanguage\":\"de\"}]}<\/script>\n<!-- \/ Yoast SEO plugin. -->","yoast_head_json":{"title":"Die Bewertungen der G\u00e4ste des Campingplatzes La Farigoulette &#8211; Camping La Farigoulette","robots":{"index":"index","follow":"follow","max-snippet":"max-snippet:-1","max-image-preview":"max-image-preview:large","max-video-preview":"max-video-preview:-1"},"canonical":"https:\/\/camping-la-farigoulette-verdon.com\/de\/gaestebewertungen\/","og_locale":"de_DE","og_type":"article","og_title":"Die Bewertungen der G\u00e4ste des Campingplatzes La Farigoulette &#8211; Camping La Farigoulette","og_description":"M\u00f6chten Sie die Meinung von Kunden erfahren, die bereits einen Urlaub auf unserem Campingplatz La Farigoulette in Saint-Laurent-du-Verdon verbracht haben? Hier finden Sie einen \u00dcberblick dar\u00fcber, was die Urlauber \u00fcber unseren 5-Sterne-Campingplatz im Verdon sagen. Entdecken Sie alle unsere G\u00e4stebewertungen M\u00f6chten Sie mehr \u00fcber unseren sch\u00f6nen Campingplatz im Verdon mit direktem Zugang zum See erfahren? [&hellip;]","og_url":"https:\/\/camping-la-farigoulette-verdon.com\/de\/gaestebewertungen\/","og_site_name":"Camping La Farigoulette","article_modified_time":"2025-06-19T12:09:27+00:00","twitter_card":"summary_large_image","twitter_misc":{"Gesch\u00e4tzte Lesezeit":"1\u00a0Minute"},"schema":{"@context":"https:\/\/schema.org","@graph":[{"@type":"WebPage","@id":"https:\/\/camping-la-farigoulette-verdon.com\/de\/gaestebewertungen\/","url":"https:\/\/camping-la-farigoulette-verdon.com\/de\/gaestebewertungen\/","name":"Die Bewertungen der G\u00e4ste des Campingplatzes La Farigoulette &#8211; Camping La Farigoulette","isPartOf":{"@id":"https:\/\/camping-la-farigoulette-verdon.com\/de\/#website"},"datePublished":"2022-01-26T14:42:05+00:00","dateModified":"2025-06-19T12:09:27+00:00","breadcrumb":{"@id":"https:\/\/camping-la-farigoulette-verdon.com\/de\/gaestebewertungen\/#breadcrumb"},"inLanguage":"de","potentialAction":[{"@type":"ReadAction","target":["https:\/\/camping-la-farigoulette-verdon.com\/de\/gaestebewertungen\/"]}]},{"@type":"BreadcrumbList","@id":"https:\/\/camping-la-farigoulette-verdon.com\/de\/gaestebewertungen\/#breadcrumb","itemListElement":[{"@type":"ListItem","position":1,"name":"Camping Verdon","item":"https:\/\/camping-la-farigoulette-verdon.com\/de\/"},{"@type":"ListItem","position":2,"name":"Die Bewertungen der G\u00e4ste des Campingplatzes La Farigoulette"}]},{"@type":"WebSite","@id":"https:\/\/camping-la-farigoulette-verdon.com\/de\/#website","url":"https:\/\/camping-la-farigoulette-verdon.com\/de\/","name":"Camping La Farigoulette","description":"","potentialAction":[{"@type":"SearchAction","target":{"@type":"EntryPoint","urlTemplate":"https:\/\/camping-la-farigoulette-verdon.com\/de\/?s={search_term_string}"},"query-input":{"@type":"PropertyValueSpecification","valueRequired":true,"valueName":"search_term_string"}}],"inLanguage":"de"}]}},"_links":{"self":[{"href":"https:\/\/camping-la-farigoulette-verdon.com\/de\/wp-json\/wp\/v2\/pages\/1898","targetHints":{"allow":["GET"]}}],"collection":[{"href":"https:\/\/camping-la-farigoulette-verdon.com\/de\/wp-json\/wp\/v2\/pages"}],"about":[{"href":"https:\/\/camping-la-farigoulette-verdon.com\/de\/wp-json\/wp\/v2\/types\/page"}],"author":[{"embeddable":true,"href":"https:\/\/camping-la-farigoulette-verdon.com\/de\/wp-json\/wp\/v2\/users\/1"}],"replies":[{"embeddable":true,"href":"https:\/\/camping-la-farigoulette-verdon.com\/de\/wp-json\/wp\/v2\/comments?post=1898"}],"version-history":[{"count":12,"href":"https:\/\/camping-la-farigoulette-verdon.com\/de\/wp-json\/wp\/v2\/pages\/1898\/revisions"}],"predecessor-version":[{"id":213595,"href":"https:\/\/camping-la-farigoulette-verdon.com\/de\/wp-json\/wp\/v2\/pages\/1898\/revisions\/213595"}],"wp:attachment":[{"href":"https:\/\/camping-la-farigoulette-verdon.com\/de\/wp-json\/wp\/v2\/media?parent=1898"}],"curies":[{"name":"wp","href":"https:\/\/api.w.org\/{rel}","templated":true}]}}