{"id":2668,"date":"2022-02-21T12:15:15","date_gmt":"2022-02-21T11:15:15","guid":{"rendered":"https:\/\/camping-la-farigoulette-verdon.com\/?page_id=2668"},"modified":"2022-02-21T12:15:17","modified_gmt":"2022-02-21T11:15:17","slug":"oekolabel-green-key","status":"publish","type":"page","link":"https:\/\/camping-la-farigoulette-verdon.com\/de\/oekolabel-green-key\/","title":{"rendered":"\u00d6kolabel \u201eGreen Key\u201c"},"content":{"rendered":"\n<div class=\"wp-block-media-text alignwide is-stacked-on-mobile\" style=\"grid-template-columns:15% auto\"><figure class=\"wp-block-media-text__media\"><img decoding=\"async\" width=\"210\" height=\"255\" src=\"https:\/\/camping-la-farigoulette-verdon.com\/wp-content\/uploads\/2022\/02\/logo_cle_verts-1.jpg\" alt=\"\" class=\"wp-image-2546 size-full\"\/><\/figure><div class=\"wp-block-media-text__content\">\n<p style=\"font-size:14px\">Der <strong><u>Campingplatz Ciela Village La Farigoulette<\/u><\/strong> wurde im Januar 2022 mit dem Label <strong>Green Key<\/strong> ausgezeichnet, das von unserem Engagement f\u00fcr den Umweltschutz zeugt!<\/p>\n\n\n\n<p style=\"font-size:14px\">Unser <strong><u>5-Sterne-Campingplatz in Saint-Laurent-du-Verdon<\/u><\/strong> liegt mitten in einem Natura&nbsp;2000-Schutzgebiet. Somit war es f\u00fcr uns selbstverst\u00e4ndlich, uns langfristig f\u00fcr den Umwelt- und Artenschutz einzusetzen.<\/p>\n<\/div><\/div>\n\n\n\n<h2 class=\"wp-block-heading\" id=\"was-ist-das-label-green-key\">Was ist das Label Green Key?<\/h2>\n\n\n\n<p>Green Key ist das erste \u00d6kolabel f\u00fcr Touristenunterk\u00fcnfte und Restaurants, die auf eine umweltbewusste Unternehmensf\u00fchrung setzen und sich im Bereich der nachhaltigen Entwicklung engagieren.<\/p>\n\n\n\n<h2 class=\"wp-block-heading\" id=\"warum-sollte-ich-mich-fur-einen-betrieb-entscheiden-der-das-label-green-key-besitzt\">Warum sollte ich mich f\u00fcr einen Betrieb entscheiden, der das Label Green Key besitzt?<\/h2>\n\n\n\n<p>Wenn Sie sich f\u00fcr einen Betrieb entscheiden, der mit dem \u00d6kolabel Green Key ausgezeichnet wurde, ist das nicht nur ein Zeichen daf\u00fcr, dass Ihnen der Umweltschutz ein Anliegen ist, Sie k\u00f6nnen dadurch auch Ihren \u00f6kologischen Fu\u00dfabdruck reduzieren. Denn um dieses Label zu erhalten, m\u00fcssen Betriebe bestimmte Kriterien erf\u00fcllen, die ihnen dabei helfen, die von ihnen ausgehende Umweltbelastung zu verringern. Mehr Informationen zum Label Green Key erhalten <a href=\"https:\/\/www.laclefverte.org\/\" target=\"_blank\" rel=\"noreferrer noopener\">Sie hier<\/a>.<br>Die Umweltcharta des Campingplatzes La Farigoulette gibt einen \u00dcberblick \u00fcber die wichtigsten Verpflichtungen, die wir zum Schutz unseres Planeten eingegangen sind: <a href=\"\/wp-content\/uploads\/pdf\/charte%20LF_DE.pdf\" target=\"_blank\" rel=\"noreferrer noopener\">Umweltcharta des Campingplatzes Ciela Village \u2013 La Farigoulette<\/a><br>Helfen Sie uns dabei, die Ressourcen unseres Planeten zu sch\u00fctzen.<br>In diesem Dokument finden Sie einige Tipps und Tricks, wie Sie uns bei unserem Ziel, unsere wundersch\u00f6ne Umgebung zu erhalten, unterst\u00fctzen k\u00f6nnen: <a href=\"\/wp-content\/uploads\/pdf\/eco%20geste%20LF_DE.pdf\" target=\"_blank\" rel=\"noreferrer noopener\">Gr\u00fcnes Verhalten zum Schutz des Planeten<\/a><\/p>\n","protected":false},"excerpt":{"rendered":"<p>Der Campingplatz Ciela Village La Farigoulette wurde im Januar 2022 mit dem Label Green Key ausgezeichnet, das von unserem Engagement f\u00fcr den Umweltschutz zeugt! Unser 5-Sterne-Campingplatz in Saint-Laurent-du-Verdon liegt mitten in einem Natura&nbsp;2000-Schutzgebiet. Somit war es f\u00fcr uns selbstverst\u00e4ndlich, uns langfristig f\u00fcr den Umwelt- und Artenschutz einzusetzen. Was ist das Label Green Key? Green Key [&hellip;]<\/p>\n","protected":false},"author":1,"featured_media":0,"parent":0,"menu_order":0,"comment_status":"closed","ping_status":"closed","template":"","meta":{"_acf_changed":false,"footnotes":""},"class_list":["post-2668","page","type-page","status-publish","hentry"],"acf":[],"yoast_head":"<!-- This site is optimized with the Yoast SEO plugin v27.3 - https:\/\/yoast.com\/product\/yoast-seo-wordpress\/ -->\n<title>\u00d6kolabel \u201eGreen Key\u201c &#8211; Camping La Farigoulette<\/title>\n<meta name=\"robots\" content=\"index, follow, max-snippet:-1, max-image-preview:large, max-video-preview:-1\" \/>\n<link rel=\"canonical\" href=\"https:\/\/camping-la-farigoulette-verdon.com\/de\/oekolabel-green-key\/\" \/>\n<meta property=\"og:locale\" content=\"de_DE\" \/>\n<meta property=\"og:type\" content=\"article\" \/>\n<meta property=\"og:title\" content=\"\u00d6kolabel \u201eGreen Key\u201c &#8211; Camping La Farigoulette\" \/>\n<meta property=\"og:description\" content=\"Der Campingplatz Ciela Village La Farigoulette wurde im Januar 2022 mit dem Label Green Key ausgezeichnet, das von unserem Engagement f\u00fcr den Umweltschutz zeugt! Unser 5-Sterne-Campingplatz in Saint-Laurent-du-Verdon liegt mitten in einem Natura&nbsp;2000-Schutzgebiet. Somit war es f\u00fcr uns selbstverst\u00e4ndlich, uns langfristig f\u00fcr den Umwelt- und Artenschutz einzusetzen. Was ist das Label Green Key? Green Key [&hellip;]\" \/>\n<meta property=\"og:url\" content=\"https:\/\/camping-la-farigoulette-verdon.com\/de\/oekolabel-green-key\/\" \/>\n<meta property=\"og:site_name\" content=\"Camping La Farigoulette\" \/>\n<meta property=\"article:modified_time\" content=\"2022-02-21T11:15:17+00:00\" \/>\n<meta property=\"og:image\" content=\"https:\/\/camping-la-farigoulette-verdon.com\/wp-content\/uploads\/2022\/02\/logo_cle_verts-1.jpg\" \/>\n<meta name=\"twitter:card\" content=\"summary_large_image\" \/>\n<meta name=\"twitter:label1\" content=\"Gesch\u00e4tzte Lesezeit\" \/>\n\t<meta name=\"twitter:data1\" content=\"2\u00a0Minuten\" \/>\n<script type=\"application\/ld+json\" class=\"yoast-schema-graph\">{\"@context\":\"https:\\\/\\\/schema.org\",\"@graph\":[{\"@type\":\"WebPage\",\"@id\":\"https:\\\/\\\/camping-la-farigoulette-verdon.com\\\/de\\\/oekolabel-green-key\\\/\",\"url\":\"https:\\\/\\\/camping-la-farigoulette-verdon.com\\\/de\\\/oekolabel-green-key\\\/\",\"name\":\"\u00d6kolabel \u201eGreen Key\u201c &#8211; Camping La Farigoulette\",\"isPartOf\":{\"@id\":\"https:\\\/\\\/camping-la-farigoulette-verdon.com\\\/de\\\/#website\"},\"primaryImageOfPage\":{\"@id\":\"https:\\\/\\\/camping-la-farigoulette-verdon.com\\\/de\\\/oekolabel-green-key\\\/#primaryimage\"},\"image\":{\"@id\":\"https:\\\/\\\/camping-la-farigoulette-verdon.com\\\/de\\\/oekolabel-green-key\\\/#primaryimage\"},\"thumbnailUrl\":\"https:\\\/\\\/camping-la-farigoulette-verdon.com\\\/wp-content\\\/uploads\\\/2022\\\/02\\\/logo_cle_verts-1.jpg\",\"datePublished\":\"2022-02-21T11:15:15+00:00\",\"dateModified\":\"2022-02-21T11:15:17+00:00\",\"breadcrumb\":{\"@id\":\"https:\\\/\\\/camping-la-farigoulette-verdon.com\\\/de\\\/oekolabel-green-key\\\/#breadcrumb\"},\"inLanguage\":\"de\",\"potentialAction\":[{\"@type\":\"ReadAction\",\"target\":[\"https:\\\/\\\/camping-la-farigoulette-verdon.com\\\/de\\\/oekolabel-green-key\\\/\"]}]},{\"@type\":\"ImageObject\",\"inLanguage\":\"de\",\"@id\":\"https:\\\/\\\/camping-la-farigoulette-verdon.com\\\/de\\\/oekolabel-green-key\\\/#primaryimage\",\"url\":\"https:\\\/\\\/camping-la-farigoulette-verdon.com\\\/wp-content\\\/uploads\\\/2022\\\/02\\\/logo_cle_verts-1.jpg\",\"contentUrl\":\"https:\\\/\\\/camping-la-farigoulette-verdon.com\\\/wp-content\\\/uploads\\\/2022\\\/02\\\/logo_cle_verts-1.jpg\"},{\"@type\":\"BreadcrumbList\",\"@id\":\"https:\\\/\\\/camping-la-farigoulette-verdon.com\\\/de\\\/oekolabel-green-key\\\/#breadcrumb\",\"itemListElement\":[{\"@type\":\"ListItem\",\"position\":1,\"name\":\"Camping Verdon\",\"item\":\"https:\\\/\\\/camping-la-farigoulette-verdon.com\\\/de\\\/\"},{\"@type\":\"ListItem\",\"position\":2,\"name\":\"\u00d6kolabel \u201eGreen Key\u201c\"}]},{\"@type\":\"WebSite\",\"@id\":\"https:\\\/\\\/camping-la-farigoulette-verdon.com\\\/de\\\/#website\",\"url\":\"https:\\\/\\\/camping-la-farigoulette-verdon.com\\\/de\\\/\",\"name\":\"Camping La Farigoulette\",\"description\":\"\",\"potentialAction\":[{\"@type\":\"SearchAction\",\"target\":{\"@type\":\"EntryPoint\",\"urlTemplate\":\"https:\\\/\\\/camping-la-farigoulette-verdon.com\\\/de\\\/?s={search_term_string}\"},\"query-input\":{\"@type\":\"PropertyValueSpecification\",\"valueRequired\":true,\"valueName\":\"search_term_string\"}}],\"inLanguage\":\"de\"}]}<\/script>\n<!-- \/ Yoast SEO plugin. -->","yoast_head_json":{"title":"\u00d6kolabel \u201eGreen Key\u201c &#8211; Camping La Farigoulette","robots":{"index":"index","follow":"follow","max-snippet":"max-snippet:-1","max-image-preview":"max-image-preview:large","max-video-preview":"max-video-preview:-1"},"canonical":"https:\/\/camping-la-farigoulette-verdon.com\/de\/oekolabel-green-key\/","og_locale":"de_DE","og_type":"article","og_title":"\u00d6kolabel \u201eGreen Key\u201c &#8211; Camping La Farigoulette","og_description":"Der Campingplatz Ciela Village La Farigoulette wurde im Januar 2022 mit dem Label Green Key ausgezeichnet, das von unserem Engagement f\u00fcr den Umweltschutz zeugt! Unser 5-Sterne-Campingplatz in Saint-Laurent-du-Verdon liegt mitten in einem Natura&nbsp;2000-Schutzgebiet. Somit war es f\u00fcr uns selbstverst\u00e4ndlich, uns langfristig f\u00fcr den Umwelt- und Artenschutz einzusetzen. Was ist das Label Green Key? Green Key [&hellip;]","og_url":"https:\/\/camping-la-farigoulette-verdon.com\/de\/oekolabel-green-key\/","og_site_name":"Camping La Farigoulette","article_modified_time":"2022-02-21T11:15:17+00:00","og_image":[{"url":"https:\/\/camping-la-farigoulette-verdon.com\/wp-content\/uploads\/2022\/02\/logo_cle_verts-1.jpg","type":"","width":"","height":""}],"twitter_card":"summary_large_image","twitter_misc":{"Gesch\u00e4tzte Lesezeit":"2\u00a0Minuten"},"schema":{"@context":"https:\/\/schema.org","@graph":[{"@type":"WebPage","@id":"https:\/\/camping-la-farigoulette-verdon.com\/de\/oekolabel-green-key\/","url":"https:\/\/camping-la-farigoulette-verdon.com\/de\/oekolabel-green-key\/","name":"\u00d6kolabel \u201eGreen Key\u201c &#8211; Camping La Farigoulette","isPartOf":{"@id":"https:\/\/camping-la-farigoulette-verdon.com\/de\/#website"},"primaryImageOfPage":{"@id":"https:\/\/camping-la-farigoulette-verdon.com\/de\/oekolabel-green-key\/#primaryimage"},"image":{"@id":"https:\/\/camping-la-farigoulette-verdon.com\/de\/oekolabel-green-key\/#primaryimage"},"thumbnailUrl":"https:\/\/camping-la-farigoulette-verdon.com\/wp-content\/uploads\/2022\/02\/logo_cle_verts-1.jpg","datePublished":"2022-02-21T11:15:15+00:00","dateModified":"2022-02-21T11:15:17+00:00","breadcrumb":{"@id":"https:\/\/camping-la-farigoulette-verdon.com\/de\/oekolabel-green-key\/#breadcrumb"},"inLanguage":"de","potentialAction":[{"@type":"ReadAction","target":["https:\/\/camping-la-farigoulette-verdon.com\/de\/oekolabel-green-key\/"]}]},{"@type":"ImageObject","inLanguage":"de","@id":"https:\/\/camping-la-farigoulette-verdon.com\/de\/oekolabel-green-key\/#primaryimage","url":"https:\/\/camping-la-farigoulette-verdon.com\/wp-content\/uploads\/2022\/02\/logo_cle_verts-1.jpg","contentUrl":"https:\/\/camping-la-farigoulette-verdon.com\/wp-content\/uploads\/2022\/02\/logo_cle_verts-1.jpg"},{"@type":"BreadcrumbList","@id":"https:\/\/camping-la-farigoulette-verdon.com\/de\/oekolabel-green-key\/#breadcrumb","itemListElement":[{"@type":"ListItem","position":1,"name":"Camping Verdon","item":"https:\/\/camping-la-farigoulette-verdon.com\/de\/"},{"@type":"ListItem","position":2,"name":"\u00d6kolabel \u201eGreen Key\u201c"}]},{"@type":"WebSite","@id":"https:\/\/camping-la-farigoulette-verdon.com\/de\/#website","url":"https:\/\/camping-la-farigoulette-verdon.com\/de\/","name":"Camping La Farigoulette","description":"","potentialAction":[{"@type":"SearchAction","target":{"@type":"EntryPoint","urlTemplate":"https:\/\/camping-la-farigoulette-verdon.com\/de\/?s={search_term_string}"},"query-input":{"@type":"PropertyValueSpecification","valueRequired":true,"valueName":"search_term_string"}}],"inLanguage":"de"}]}},"_links":{"self":[{"href":"https:\/\/camping-la-farigoulette-verdon.com\/de\/wp-json\/wp\/v2\/pages\/2668","targetHints":{"allow":["GET"]}}],"collection":[{"href":"https:\/\/camping-la-farigoulette-verdon.com\/de\/wp-json\/wp\/v2\/pages"}],"about":[{"href":"https:\/\/camping-la-farigoulette-verdon.com\/de\/wp-json\/wp\/v2\/types\/page"}],"author":[{"embeddable":true,"href":"https:\/\/camping-la-farigoulette-verdon.com\/de\/wp-json\/wp\/v2\/users\/1"}],"replies":[{"embeddable":true,"href":"https:\/\/camping-la-farigoulette-verdon.com\/de\/wp-json\/wp\/v2\/comments?post=2668"}],"version-history":[{"count":1,"href":"https:\/\/camping-la-farigoulette-verdon.com\/de\/wp-json\/wp\/v2\/pages\/2668\/revisions"}],"predecessor-version":[{"id":2669,"href":"https:\/\/camping-la-farigoulette-verdon.com\/de\/wp-json\/wp\/v2\/pages\/2668\/revisions\/2669"}],"wp:attachment":[{"href":"https:\/\/camping-la-farigoulette-verdon.com\/de\/wp-json\/wp\/v2\/media?parent=2668"}],"curies":[{"name":"wp","href":"https:\/\/api.w.org\/{rel}","templated":true}]}}