{"id":3578,"date":"2023-01-24T09:36:55","date_gmt":"2023-01-24T08:36:55","guid":{"rendered":"https:\/\/camping-la-farigoulette-verdon.com\/?page_id=3578"},"modified":"2025-06-19T14:10:24","modified_gmt":"2025-06-19T12:10:24","slug":"carte-des-campings","status":"publish","type":"page","link":"https:\/\/camping-la-farigoulette-verdon.com\/de\/carte-des-campings\/","title":{"rendered":"Genie\u00dfen Sie mit Ciela Village einen Urlaub auf einem Top-Campingplatz in Frankreich!"},"content":{"rendered":"\n<div>\n<p>Sie m\u00f6chten die Magie eines absolut komfortablen Campingplatzes kennenlernen? Bei Ciela Village, einer Kette von hochwertigen Campingpl\u00e4tzen, ist garantiert die richtige Location f\u00fcr Sie dabei.<\/p>\n<p>Erleben Sie einen Traumurlaub auf unseren Sterne-Campingpl\u00e4tzen in Frankreich \u2013 hier verbinden sich Natur und Komfort in au\u00dfergew\u00f6hnlichen Naturlandschaften!<\/p>\n<p>Auch wenn die Umgebungen unterschiedlich sind und jeder Campingplatz seine ganz eigene Atmosph\u00e4re und seinen eigenen Charme mit sich bringt, haben alle unsere Einrichtungen ein paar Dinge gemeinsam: ihre Qualit\u00e4t der Leistungen, Infrastrukturen, Unterk\u00fcnfte, Dienstleistungen und Animationen f\u00fcr einen garantiert gelungenen Urlaub!<\/p>\n<p>Sind Sie bereit, Ihren sch\u00f6nsten Urlaub zu genie\u00dfen?<\/p>\n<p>Besuchen Sie unsere <a href=\"https:\/\/cielavillage.fr\/de\/\" target=\"_blank\" rel=\"noopener\">Ciela Village-Website<\/a>, um den richtigen Campingplatz f\u00fcr Sie zu finden!<\/p>\n<\/div>\n\n\n\n<h2 class=\"wp-block-heading\">Unsere Campingpl\u00e4tze in Frankreich<\/h2>\n","protected":false},"excerpt":{"rendered":"<p>Sie m\u00f6chten die Magie eines absolut komfortablen Campingplatzes kennenlernen? Bei Ciela Village, einer Kette von hochwertigen Campingpl\u00e4tzen, ist garantiert die richtige Location f\u00fcr Sie dabei. Erleben Sie einen Traumurlaub auf unseren Sterne-Campingpl\u00e4tzen in Frankreich \u2013 hier verbinden sich Natur und Komfort in au\u00dfergew\u00f6hnlichen Naturlandschaften! Auch wenn die Umgebungen unterschiedlich sind und jeder Campingplatz seine ganz [&hellip;]<\/p>\n","protected":false},"author":1,"featured_media":0,"parent":0,"menu_order":0,"comment_status":"closed","ping_status":"closed","template":"","meta":{"_acf_changed":false,"footnotes":""},"class_list":["post-3578","page","type-page","status-publish","hentry"],"acf":[],"yoast_head":"<!-- This site is optimized with the Yoast SEO plugin v27.3 - https:\/\/yoast.com\/product\/yoast-seo-wordpress\/ -->\n<title>Genie\u00dfen Sie mit Ciela Village einen Urlaub auf einem Top-Campingplatz in Frankreich! &#8211; Camping La Farigoulette<\/title>\n<meta name=\"robots\" content=\"index, follow, max-snippet:-1, max-image-preview:large, max-video-preview:-1\" \/>\n<link rel=\"canonical\" href=\"https:\/\/camping-la-farigoulette-verdon.com\/de\/carte-des-campings\/\" \/>\n<meta property=\"og:locale\" content=\"de_DE\" \/>\n<meta property=\"og:type\" content=\"article\" \/>\n<meta property=\"og:title\" content=\"Genie\u00dfen Sie mit Ciela Village einen Urlaub auf einem Top-Campingplatz in Frankreich! &#8211; Camping La Farigoulette\" \/>\n<meta property=\"og:description\" content=\"Sie m\u00f6chten die Magie eines absolut komfortablen Campingplatzes kennenlernen? Bei Ciela Village, einer Kette von hochwertigen Campingpl\u00e4tzen, ist garantiert die richtige Location f\u00fcr Sie dabei. Erleben Sie einen Traumurlaub auf unseren Sterne-Campingpl\u00e4tzen in Frankreich \u2013 hier verbinden sich Natur und Komfort in au\u00dfergew\u00f6hnlichen Naturlandschaften! Auch wenn die Umgebungen unterschiedlich sind und jeder Campingplatz seine ganz [&hellip;]\" \/>\n<meta property=\"og:url\" content=\"https:\/\/camping-la-farigoulette-verdon.com\/de\/carte-des-campings\/\" \/>\n<meta property=\"og:site_name\" content=\"Camping La Farigoulette\" \/>\n<meta property=\"article:modified_time\" content=\"2025-06-19T12:10:24+00:00\" \/>\n<meta name=\"twitter:card\" content=\"summary_large_image\" \/>\n<meta name=\"twitter:label1\" content=\"Gesch\u00e4tzte Lesezeit\" \/>\n\t<meta name=\"twitter:data1\" content=\"1\u00a0Minute\" \/>\n<script type=\"application\/ld+json\" class=\"yoast-schema-graph\">{\"@context\":\"https:\\\/\\\/schema.org\",\"@graph\":[{\"@type\":\"WebPage\",\"@id\":\"https:\\\/\\\/camping-la-farigoulette-verdon.com\\\/de\\\/carte-des-campings\\\/\",\"url\":\"https:\\\/\\\/camping-la-farigoulette-verdon.com\\\/de\\\/carte-des-campings\\\/\",\"name\":\"Genie\u00dfen Sie mit Ciela Village einen Urlaub auf einem Top-Campingplatz in Frankreich! &#8211; Camping La Farigoulette\",\"isPartOf\":{\"@id\":\"https:\\\/\\\/camping-la-farigoulette-verdon.com\\\/de\\\/#website\"},\"datePublished\":\"2023-01-24T08:36:55+00:00\",\"dateModified\":\"2025-06-19T12:10:24+00:00\",\"breadcrumb\":{\"@id\":\"https:\\\/\\\/camping-la-farigoulette-verdon.com\\\/de\\\/carte-des-campings\\\/#breadcrumb\"},\"inLanguage\":\"de\",\"potentialAction\":[{\"@type\":\"ReadAction\",\"target\":[\"https:\\\/\\\/camping-la-farigoulette-verdon.com\\\/de\\\/carte-des-campings\\\/\"]}]},{\"@type\":\"BreadcrumbList\",\"@id\":\"https:\\\/\\\/camping-la-farigoulette-verdon.com\\\/de\\\/carte-des-campings\\\/#breadcrumb\",\"itemListElement\":[{\"@type\":\"ListItem\",\"position\":1,\"name\":\"Camping Verdon\",\"item\":\"https:\\\/\\\/camping-la-farigoulette-verdon.com\\\/de\\\/\"},{\"@type\":\"ListItem\",\"position\":2,\"name\":\"Genie\u00dfen Sie mit Ciela Village einen Urlaub auf einem Top-Campingplatz in Frankreich!\"}]},{\"@type\":\"WebSite\",\"@id\":\"https:\\\/\\\/camping-la-farigoulette-verdon.com\\\/de\\\/#website\",\"url\":\"https:\\\/\\\/camping-la-farigoulette-verdon.com\\\/de\\\/\",\"name\":\"Camping La Farigoulette\",\"description\":\"\",\"potentialAction\":[{\"@type\":\"SearchAction\",\"target\":{\"@type\":\"EntryPoint\",\"urlTemplate\":\"https:\\\/\\\/camping-la-farigoulette-verdon.com\\\/de\\\/?s={search_term_string}\"},\"query-input\":{\"@type\":\"PropertyValueSpecification\",\"valueRequired\":true,\"valueName\":\"search_term_string\"}}],\"inLanguage\":\"de\"}]}<\/script>\n<!-- \/ Yoast SEO plugin. -->","yoast_head_json":{"title":"Genie\u00dfen Sie mit Ciela Village einen Urlaub auf einem Top-Campingplatz in Frankreich! &#8211; Camping La Farigoulette","robots":{"index":"index","follow":"follow","max-snippet":"max-snippet:-1","max-image-preview":"max-image-preview:large","max-video-preview":"max-video-preview:-1"},"canonical":"https:\/\/camping-la-farigoulette-verdon.com\/de\/carte-des-campings\/","og_locale":"de_DE","og_type":"article","og_title":"Genie\u00dfen Sie mit Ciela Village einen Urlaub auf einem Top-Campingplatz in Frankreich! &#8211; Camping La Farigoulette","og_description":"Sie m\u00f6chten die Magie eines absolut komfortablen Campingplatzes kennenlernen? Bei Ciela Village, einer Kette von hochwertigen Campingpl\u00e4tzen, ist garantiert die richtige Location f\u00fcr Sie dabei. Erleben Sie einen Traumurlaub auf unseren Sterne-Campingpl\u00e4tzen in Frankreich \u2013 hier verbinden sich Natur und Komfort in au\u00dfergew\u00f6hnlichen Naturlandschaften! Auch wenn die Umgebungen unterschiedlich sind und jeder Campingplatz seine ganz [&hellip;]","og_url":"https:\/\/camping-la-farigoulette-verdon.com\/de\/carte-des-campings\/","og_site_name":"Camping La Farigoulette","article_modified_time":"2025-06-19T12:10:24+00:00","twitter_card":"summary_large_image","twitter_misc":{"Gesch\u00e4tzte Lesezeit":"1\u00a0Minute"},"schema":{"@context":"https:\/\/schema.org","@graph":[{"@type":"WebPage","@id":"https:\/\/camping-la-farigoulette-verdon.com\/de\/carte-des-campings\/","url":"https:\/\/camping-la-farigoulette-verdon.com\/de\/carte-des-campings\/","name":"Genie\u00dfen Sie mit Ciela Village einen Urlaub auf einem Top-Campingplatz in Frankreich! &#8211; Camping La Farigoulette","isPartOf":{"@id":"https:\/\/camping-la-farigoulette-verdon.com\/de\/#website"},"datePublished":"2023-01-24T08:36:55+00:00","dateModified":"2025-06-19T12:10:24+00:00","breadcrumb":{"@id":"https:\/\/camping-la-farigoulette-verdon.com\/de\/carte-des-campings\/#breadcrumb"},"inLanguage":"de","potentialAction":[{"@type":"ReadAction","target":["https:\/\/camping-la-farigoulette-verdon.com\/de\/carte-des-campings\/"]}]},{"@type":"BreadcrumbList","@id":"https:\/\/camping-la-farigoulette-verdon.com\/de\/carte-des-campings\/#breadcrumb","itemListElement":[{"@type":"ListItem","position":1,"name":"Camping Verdon","item":"https:\/\/camping-la-farigoulette-verdon.com\/de\/"},{"@type":"ListItem","position":2,"name":"Genie\u00dfen Sie mit Ciela Village einen Urlaub auf einem Top-Campingplatz in Frankreich!"}]},{"@type":"WebSite","@id":"https:\/\/camping-la-farigoulette-verdon.com\/de\/#website","url":"https:\/\/camping-la-farigoulette-verdon.com\/de\/","name":"Camping La Farigoulette","description":"","potentialAction":[{"@type":"SearchAction","target":{"@type":"EntryPoint","urlTemplate":"https:\/\/camping-la-farigoulette-verdon.com\/de\/?s={search_term_string}"},"query-input":{"@type":"PropertyValueSpecification","valueRequired":true,"valueName":"search_term_string"}}],"inLanguage":"de"}]}},"_links":{"self":[{"href":"https:\/\/camping-la-farigoulette-verdon.com\/de\/wp-json\/wp\/v2\/pages\/3578","targetHints":{"allow":["GET"]}}],"collection":[{"href":"https:\/\/camping-la-farigoulette-verdon.com\/de\/wp-json\/wp\/v2\/pages"}],"about":[{"href":"https:\/\/camping-la-farigoulette-verdon.com\/de\/wp-json\/wp\/v2\/types\/page"}],"author":[{"embeddable":true,"href":"https:\/\/camping-la-farigoulette-verdon.com\/de\/wp-json\/wp\/v2\/users\/1"}],"replies":[{"embeddable":true,"href":"https:\/\/camping-la-farigoulette-verdon.com\/de\/wp-json\/wp\/v2\/comments?post=3578"}],"version-history":[{"count":20,"href":"https:\/\/camping-la-farigoulette-verdon.com\/de\/wp-json\/wp\/v2\/pages\/3578\/revisions"}],"predecessor-version":[{"id":213596,"href":"https:\/\/camping-la-farigoulette-verdon.com\/de\/wp-json\/wp\/v2\/pages\/3578\/revisions\/213596"}],"wp:attachment":[{"href":"https:\/\/camping-la-farigoulette-verdon.com\/de\/wp-json\/wp\/v2\/media?parent=3578"}],"curies":[{"name":"wp","href":"https:\/\/api.w.org\/{rel}","templated":true}]}}