{"id":1646,"date":"2022-01-26T13:59:54","date_gmt":"2022-01-26T12:59:54","guid":{"rendered":"https:\/\/camping-la-farigoulette-verdon.com\/prenotate-il-vostro-soggiorno-in-un-campeggio-con-accesso-diretto-al-lago-di-saint-laurent-du-verdon-e-centro-di-sport-acquatici\/"},"modified":"2023-11-03T09:51:07","modified_gmt":"2023-11-03T08:51:07","slug":"prenotate-il-vostro-soggiorno-in-un-campeggio-con-accesso-diretto-al-lago-di-saint-laurent-du-verdon-e-centro-di-sport-acquatici","status":"publish","type":"page","link":"https:\/\/camping-la-farigoulette-verdon.com\/it\/prenotate-il-vostro-soggiorno-in-un-campeggio-con-accesso-diretto-al-lago-di-saint-laurent-du-verdon-e-centro-di-sport-acquatici\/","title":{"rendered":"Prenotate il vostro soggiorno in un campeggio con accesso diretto al lago di Montpezat e centro di sport acquatici"},"content":{"rendered":"\n<figure class=\"wp-block-gallery has-nested-images columns-4 is-cropped wp-block-gallery-1 is-layout-flex wp-block-gallery-is-layout-flex\">\n<figure class=\"wp-block-image size-full\"><img decoding=\"async\" width=\"600\" height=\"400\" data-id=\"4245\" src=\"https:\/\/camping-la-farigoulette-verdon.com\/wp-content\/uploads\/2023\/11\/camping-bord-de-lac-verdon-activites-nautiques.jpg\" alt=\"camping bord de lac verdon activit\u00e9s nautiques\" class=\"wp-image-4245\" srcset=\"https:\/\/camping-la-farigoulette-verdon.com\/wp-content\/uploads\/2023\/11\/camping-bord-de-lac-verdon-activites-nautiques.jpg 600w, https:\/\/camping-la-farigoulette-verdon.com\/wp-content\/uploads\/2023\/11\/camping-bord-de-lac-verdon-activites-nautiques-300x200.jpg 300w\" sizes=\"(max-width: 600px) 100vw, 600px\" \/><\/figure>\n\n\n\n<figure class=\"wp-block-image size-full\"><img decoding=\"async\" width=\"601\" height=\"400\" data-id=\"4260\" src=\"https:\/\/camping-la-farigoulette-verdon.com\/wp-content\/uploads\/2023\/11\/camping-bord-de-lac-verdon-location-bateau-electrique.jpg\" alt=\"camping bord de lac verdon location bateau \u00e9lectrique\" class=\"wp-image-4260\" srcset=\"https:\/\/camping-la-farigoulette-verdon.com\/wp-content\/uploads\/2023\/11\/camping-bord-de-lac-verdon-location-bateau-electrique.jpg 601w, https:\/\/camping-la-farigoulette-verdon.com\/wp-content\/uploads\/2023\/11\/camping-bord-de-lac-verdon-location-bateau-electrique-300x200.jpg 300w\" sizes=\"(max-width: 601px) 100vw, 601px\" \/><\/figure>\n\n\n\n<figure class=\"wp-block-image size-full\"><img decoding=\"async\" width=\"600\" height=\"400\" data-id=\"4255\" src=\"https:\/\/camping-la-farigoulette-verdon.com\/wp-content\/uploads\/2023\/11\/camping-bord-de-lac-verdon-acces-direct-lac-2.jpg\" alt=\"camping bord de lac verdon acc\u00e8s direct lac\" class=\"wp-image-4255\" srcset=\"https:\/\/camping-la-farigoulette-verdon.com\/wp-content\/uploads\/2023\/11\/camping-bord-de-lac-verdon-acces-direct-lac-2.jpg 600w, https:\/\/camping-la-farigoulette-verdon.com\/wp-content\/uploads\/2023\/11\/camping-bord-de-lac-verdon-acces-direct-lac-2-300x200.jpg 300w\" sizes=\"(max-width: 600px) 100vw, 600px\" \/><\/figure>\n\n\n\n<figure class=\"wp-block-image size-full\"><img decoding=\"async\" width=\"601\" height=\"400\" data-id=\"4240\" src=\"https:\/\/camping-la-farigoulette-verdon.com\/wp-content\/uploads\/2023\/11\/camping-bord-de-lac-verdon-pedalo.jpg\" alt=\"camping bord de lac verdon p\u00e9dalo\" class=\"wp-image-4240\" srcset=\"https:\/\/camping-la-farigoulette-verdon.com\/wp-content\/uploads\/2023\/11\/camping-bord-de-lac-verdon-pedalo.jpg 601w, https:\/\/camping-la-farigoulette-verdon.com\/wp-content\/uploads\/2023\/11\/camping-bord-de-lac-verdon-pedalo-300x200.jpg 300w\" sizes=\"(max-width: 601px) 100vw, 601px\" \/><\/figure>\n<\/figure>\n\n\n\n<p>Durante le vostre vacanze a<strong>La Farigoulette<\/strong> volete provare le gioie delle attivit\u00e0 sull\u2019acqua ma anche quelle di un soggiorno in un campeggio immerso nella natura?<\/p>\n\n\n\n<p>Nella nostra <strong>struttura a 5 stelle<\/strong>, situata nel cuore della regione Provenza-Alpi-Costa Azzurra, oltre alla piscina riscaldata avrete anche un <strong>accesso diretto al lago di Montpezat nel Saint-Laurent-du-Verdon<\/strong>. Il modo giusto per trascorrere delle vacanze dinamiche e rigeneranti in una cornice paradisiaca <strong>in riva al lago<\/strong>!&nbsp; Qui, con i piedi nell\u2019acqua, avrete tutto il tempo di contemplare il paesaggio e allo stesso tempo di divertirvi partecipando a tantissime attivit\u00e0 diverse.<\/p>\n\n\n\n<p>Sistematevi comodamente su uno dei nostri lettini a forma di onda della Zona Zen, uno spazio in cui regnano relax e riposo. Da una terrazza di legno rialzata, lasciatevi inebriare dalla splendida vista sul lago e rilassatevi tranquillamente mentre i bambini giocano al sicuro nel campeggio. Un momento rigenerante tutto per voi!<\/p>\n\n\n\n<div class=\"wp-block-columns bloc-m7 is-layout-flex wp-container-core-columns-is-layout-9d6595d7 wp-block-columns-is-layout-flex\">\n<div class=\"wp-block-column is-vertically-aligned-center is-layout-flow wp-block-column-is-layout-flow\">\n<p class=\"bloc-gris uk-text-muted\"><strong>Accesso diretto al lago: ampia scelta di attivit\u00e0 sull\u2019acqua! <\/strong><\/p>\n\n\n\n<ul class=\"liste-m7 wp-block-list\">\n<li>Canoa-Kayak*<\/li>\n\n\n\n<li>Pedal\u00f2*<\/li>\n\n\n\n<li>Barca elettrica* <\/li>\n\n\n\n<li>Stand-Up Paddle*<\/li>\n<\/ul>\n<\/div>\n\n\n\n<div class=\"wp-block-column is-vertically-aligned-center is-layout-flow wp-block-column-is-layout-flow\">\n<div class=\"wp-block-yootheme-widgetkit\">\n<div  uk-slideshow=\"animation: fade;autoplay: true ;autoplay-interval: 3000;pause-on-hover: false;ratio: 500:400;min-height: 300\">\n\n    <div class=\"uk-position-relative uk-visible-toggle\">\n\n        <ul class=\"uk-slideshow-items \" >\n        \n            <li>\n\n                \n                    \n                        <img decoding=\"async\" src=\"\/wp-content\/uploads\/2023\/11\/camping-bord-de-lac-verdon-acces-direct-lac-1.jpg\" alt=\"Camping Bord De Lac Verdon Acc\u00e8s Direct Lac\" uk-cover>\n                    \n                    \n                    \n                \n            <\/li>\n\n        \n            <li>\n\n                \n                    \n                        <img decoding=\"async\" src=\"\/wp-content\/uploads\/2023\/11\/camping-bord-de-lac-verdon-paddle.jpg\" alt=\"Camping Bord De Lac Verdon Paddle\" uk-cover>\n                    \n                    \n                    \n                \n            <\/li>\n\n        \n            <li>\n\n                \n                    \n                        <img decoding=\"async\" src=\"\/wp-content\/uploads\/2023\/11\/camping-bord-de-lac-verdon-gorges-de-baudinard.jpg\" alt=\"Camping Bord De Lac Verdon Gorges De Baudinard\" uk-cover>\n                    \n                    \n                    \n                \n            <\/li>\n\n        \n            <li>\n\n                \n                    \n                        <img decoding=\"async\" src=\"\/wp-content\/uploads\/2023\/11\/camping-bord-de-lac-verdon-canoe-kayak.jpg\" alt=\"Camping Verdon La Farigoulette Ciela Village Saint Laurent Du Verdon France\" uk-cover>\n                    \n                    \n                    \n                \n            <\/li>\n\n                <\/ul>\n\n        \n                        <div class=\"uk-light\">\n            \n                <a href=\"#\" class=\"uk-position-center-left uk-position-small uk-hidden-hover\" uk-slidenav-previous uk-slideshow-item=\"previous\"><\/a>\n                <a href=\"#\" class=\"uk-position-center-right uk-position-small uk-hidden-hover\" uk-slidenav-next uk-slideshow-item=\"next\"><\/a>\n\n                        <\/div>\n            \n        \n        \n    <\/div>\n\n    \n<\/div>\n<\/div>\n<\/div>\n<\/div>\n\n\n\n<p><strong><em>*Materiale a noleggio sul posto. Per le tariffe, informatevi durante il vostro soggiorno presso la base nautica del campeggio<\/em><\/strong><\/p>\n\n\n\n<p>Il nostro campeggio dispone al suo interno di una piscina riscaldata e di una <strong>base nautica privata con una spiaggia naturale di sassi<\/strong>tutta per voi.&nbsp;I nostri ospiti possono noleggiare canoe, kayak, paddle, pedal\u00f2, ma anche barchette elettriche per gite sull\u2019acqua nelle magnifiche <strong>Gole di Baudinard<\/strong>. La <strong>base nautica per sport d\u2019acqua del camping La Farigoulette<\/strong> d\u00e0 alle vostre vacanze quel tocco in pi\u00f9 che fa sognare. Insinuatevi tra le pareti rocciose e lasciatevi soggiogare dallo splendore dei paesaggi che sfilano davanti ai vostri occhi. Questo corridoio di acqua nel cuore del Parco naturale regionale del Verdon vi riserva delle bellissime sorprese!<\/p>\n\n\n\n<p>Che bellezza, vedrete, poter accedere al <strong>lago di Montpezat<\/strong> direttamente dal campeggio! Non servir\u00e0 prendere la macchina: vi baster\u00e0 uscire dal mobil home, dalla tenda, dalla roulotte o dal camper, percorrere i sentieri del campeggio, imboccare l\u2019accesso pedonale e raggiungere cos\u00ec questo meraviglioso specchio d\u2019acqua.<\/p>\n\n\n\n<p>Approfittate del vostro soggiorno nel nostro campeggio per esplorare le gole e vivere una fantastica esperienza in famiglia o con gli amici in una cornice naturale unica!&nbsp;Potrete remare in tutta tranquillit\u00e0 sulle acque calme delle gole.&nbsp;Quando il sole brilla alto in cielo, non c\u2019\u00e8 niente di meglio di una gita sull\u2019acqua per rinfrescarsi!&nbsp;<\/p>\n\n\n\n<p>E perch\u00e9 non mettere un pizzico di pepe nelle vostre vacanze in mobil home o in piazzola nuda organizzando una piccola gara sul lago? Sfidate amici e amiche e scoprite chi \u00e8 l\u2019asso della pagaia! Se siete in famiglia, approfittate della spiaggia sul lago per un po\u2019 di riposo o una passeggiata.&nbsp; E gli animali? Chi ha degli animali non deve preoccuparsi: i cani sono i benvenuti sulla spiaggia.&nbsp;<\/p>\n\n\n\n<p>La <strong>base nautica del camping La Farigoulette<\/strong> d\u00e0 alle vostre vacanze quel qualcosa in pi\u00f9 che fa sognare e invita a lasciarsi andare all\u2019atmosfera tranquilla del campeggio per una<strong>vacanza sulle rive del lago di Montpezat<\/strong> all\u2019insegna della pace e della natura.<\/p>\n\n\n\n<p>E se dopo mille nuotate nei laghi del Verdon, vi dedicaste alle gioie dell\u2019esplorazione a piedi? Il nostro campeggio \u00e8 idealmente situato nei pressi del famoso lago di Sainte-Croix e di alcuni affascinanti paesini considerati tra i pi\u00f9 belli della Francia, come Bauduen, Esparron-de-Verdon, Gr\u00e9oux-les-Bains o Moustiers-Sainte-Marie, mete perfette per una bella gita in famiglia.<\/p>\n\n\n\n<figure class=\"wp-block-embed is-type-video is-provider-youtube wp-block-embed-youtube wp-embed-aspect-16-9 wp-has-aspect-ratio\"><div class=\"wp-block-embed__wrapper\">\n<iframe title=\"Camping La Farigoulette Base Nautique - Ciela Village\" width=\"500\" height=\"281\" src=\"https:\/\/www.youtube.com\/embed\/r6aEoutEu0g?feature=oembed\" frameborder=\"0\" allow=\"accelerometer; autoplay; clipboard-write; encrypted-media; gyroscope; picture-in-picture; web-share\" referrerpolicy=\"strict-origin-when-cross-origin\" allowfullscreen><\/iframe>\n<\/div><\/figure>\n","protected":false},"excerpt":{"rendered":"<p>Durante le vostre vacanze aLa Farigoulette volete provare le gioie delle attivit\u00e0 sull\u2019acqua ma anche quelle di un soggiorno in un campeggio immerso nella natura? Nella nostra struttura a 5 stelle, situata nel cuore della regione Provenza-Alpi-Costa Azzurra, oltre alla piscina riscaldata avrete anche un accesso diretto al lago di Montpezat nel Saint-Laurent-du-Verdon. Il modo [&hellip;]<\/p>\n","protected":false},"author":1,"featured_media":0,"parent":0,"menu_order":0,"comment_status":"closed","ping_status":"closed","template":"","meta":{"_acf_changed":false,"footnotes":""},"class_list":["post-1646","page","type-page","status-publish","hentry"],"acf":[],"yoast_head":"<!-- This site is optimized with the Yoast SEO plugin v27.3 - https:\/\/yoast.com\/product\/yoast-seo-wordpress\/ -->\n<title>Campeggio in riva al lago nel Verdon | Campeggio con accesso diretto al lago di Sainte-Croix<\/title>\n<meta name=\"description\" content=\"Godetevi un soggiorno in un campeggio con base nautica e accesso diretto al lago di Sainte-Croix nel Verdon. C\u2019\u00e8 tutto quello che serve per trascorrere delle splendide vacanze in famiglia o con gli amici.\" \/>\n<meta name=\"robots\" content=\"index, follow, max-snippet:-1, max-image-preview:large, max-video-preview:-1\" \/>\n<link rel=\"canonical\" href=\"https:\/\/camping-la-farigoulette-verdon.com\/it\/prenotate-il-vostro-soggiorno-in-un-campeggio-con-accesso-diretto-al-lago-di-saint-laurent-du-verdon-e-centro-di-sport-acquatici\/\" \/>\n<meta property=\"og:locale\" content=\"it_IT\" \/>\n<meta property=\"og:type\" content=\"article\" \/>\n<meta property=\"og:title\" content=\"Campeggio in riva al lago nel Verdon | Campeggio con accesso diretto al lago di Sainte-Croix\" \/>\n<meta property=\"og:description\" content=\"Godetevi un soggiorno in un campeggio con base nautica e accesso diretto al lago di Sainte-Croix nel Verdon. C\u2019\u00e8 tutto quello che serve per trascorrere delle splendide vacanze in famiglia o con gli amici.\" \/>\n<meta property=\"og:url\" content=\"https:\/\/camping-la-farigoulette-verdon.com\/it\/prenotate-il-vostro-soggiorno-in-un-campeggio-con-accesso-diretto-al-lago-di-saint-laurent-du-verdon-e-centro-di-sport-acquatici\/\" \/>\n<meta property=\"og:site_name\" content=\"Camping La Farigoulette\" \/>\n<meta property=\"article:modified_time\" content=\"2023-11-03T08:51:07+00:00\" \/>\n<meta property=\"og:image\" content=\"https:\/\/camping-la-farigoulette-verdon.com\/wp-content\/uploads\/2023\/11\/camping-bord-de-lac-verdon-activites-nautiques.jpg\" \/>\n<meta name=\"twitter:card\" content=\"summary_large_image\" \/>\n<meta name=\"twitter:label1\" content=\"Tempo di lettura stimato\" \/>\n\t<meta name=\"twitter:data1\" content=\"4 minuti\" \/>\n<script type=\"application\/ld+json\" class=\"yoast-schema-graph\">{\"@context\":\"https:\\\/\\\/schema.org\",\"@graph\":[{\"@type\":\"WebPage\",\"@id\":\"https:\\\/\\\/camping-la-farigoulette-verdon.com\\\/it\\\/prenotate-il-vostro-soggiorno-in-un-campeggio-con-accesso-diretto-al-lago-di-saint-laurent-du-verdon-e-centro-di-sport-acquatici\\\/\",\"url\":\"https:\\\/\\\/camping-la-farigoulette-verdon.com\\\/it\\\/prenotate-il-vostro-soggiorno-in-un-campeggio-con-accesso-diretto-al-lago-di-saint-laurent-du-verdon-e-centro-di-sport-acquatici\\\/\",\"name\":\"Campeggio in riva al lago nel Verdon | Campeggio con accesso diretto al lago di Sainte-Croix\",\"isPartOf\":{\"@id\":\"https:\\\/\\\/camping-la-farigoulette-verdon.com\\\/it\\\/#website\"},\"primaryImageOfPage\":{\"@id\":\"https:\\\/\\\/camping-la-farigoulette-verdon.com\\\/it\\\/prenotate-il-vostro-soggiorno-in-un-campeggio-con-accesso-diretto-al-lago-di-saint-laurent-du-verdon-e-centro-di-sport-acquatici\\\/#primaryimage\"},\"image\":{\"@id\":\"https:\\\/\\\/camping-la-farigoulette-verdon.com\\\/it\\\/prenotate-il-vostro-soggiorno-in-un-campeggio-con-accesso-diretto-al-lago-di-saint-laurent-du-verdon-e-centro-di-sport-acquatici\\\/#primaryimage\"},\"thumbnailUrl\":\"https:\\\/\\\/camping-la-farigoulette-verdon.com\\\/wp-content\\\/uploads\\\/2023\\\/11\\\/camping-bord-de-lac-verdon-activites-nautiques.jpg\",\"datePublished\":\"2022-01-26T12:59:54+00:00\",\"dateModified\":\"2023-11-03T08:51:07+00:00\",\"description\":\"Godetevi un soggiorno in un campeggio con base nautica e accesso diretto al lago di Sainte-Croix nel Verdon. C\u2019\u00e8 tutto quello che serve per trascorrere delle splendide vacanze in famiglia o con gli amici.\",\"breadcrumb\":{\"@id\":\"https:\\\/\\\/camping-la-farigoulette-verdon.com\\\/it\\\/prenotate-il-vostro-soggiorno-in-un-campeggio-con-accesso-diretto-al-lago-di-saint-laurent-du-verdon-e-centro-di-sport-acquatici\\\/#breadcrumb\"},\"inLanguage\":\"it-IT\",\"potentialAction\":[{\"@type\":\"ReadAction\",\"target\":[\"https:\\\/\\\/camping-la-farigoulette-verdon.com\\\/it\\\/prenotate-il-vostro-soggiorno-in-un-campeggio-con-accesso-diretto-al-lago-di-saint-laurent-du-verdon-e-centro-di-sport-acquatici\\\/\"]}]},{\"@type\":\"ImageObject\",\"inLanguage\":\"it-IT\",\"@id\":\"https:\\\/\\\/camping-la-farigoulette-verdon.com\\\/it\\\/prenotate-il-vostro-soggiorno-in-un-campeggio-con-accesso-diretto-al-lago-di-saint-laurent-du-verdon-e-centro-di-sport-acquatici\\\/#primaryimage\",\"url\":\"https:\\\/\\\/camping-la-farigoulette-verdon.com\\\/wp-content\\\/uploads\\\/2023\\\/11\\\/camping-bord-de-lac-verdon-activites-nautiques.jpg\",\"contentUrl\":\"https:\\\/\\\/camping-la-farigoulette-verdon.com\\\/wp-content\\\/uploads\\\/2023\\\/11\\\/camping-bord-de-lac-verdon-activites-nautiques.jpg\"},{\"@type\":\"BreadcrumbList\",\"@id\":\"https:\\\/\\\/camping-la-farigoulette-verdon.com\\\/it\\\/prenotate-il-vostro-soggiorno-in-un-campeggio-con-accesso-diretto-al-lago-di-saint-laurent-du-verdon-e-centro-di-sport-acquatici\\\/#breadcrumb\",\"itemListElement\":[{\"@type\":\"ListItem\",\"position\":1,\"name\":\"Camping Verdon\",\"item\":\"https:\\\/\\\/camping-la-farigoulette-verdon.com\\\/it\\\/\"},{\"@type\":\"ListItem\",\"position\":2,\"name\":\"Prenotate il vostro soggiorno in un campeggio con accesso diretto al lago di Montpezat e centro di sport acquatici\"}]},{\"@type\":\"WebSite\",\"@id\":\"https:\\\/\\\/camping-la-farigoulette-verdon.com\\\/it\\\/#website\",\"url\":\"https:\\\/\\\/camping-la-farigoulette-verdon.com\\\/it\\\/\",\"name\":\"Camping La Farigoulette\",\"description\":\"\",\"potentialAction\":[{\"@type\":\"SearchAction\",\"target\":{\"@type\":\"EntryPoint\",\"urlTemplate\":\"https:\\\/\\\/camping-la-farigoulette-verdon.com\\\/it\\\/?s={search_term_string}\"},\"query-input\":{\"@type\":\"PropertyValueSpecification\",\"valueRequired\":true,\"valueName\":\"search_term_string\"}}],\"inLanguage\":\"it-IT\"}]}<\/script>\n<!-- \/ Yoast SEO plugin. -->","yoast_head_json":{"title":"Campeggio in riva al lago nel Verdon | Campeggio con accesso diretto al lago di Sainte-Croix","description":"Godetevi un soggiorno in un campeggio con base nautica e accesso diretto al lago di Sainte-Croix nel Verdon. C\u2019\u00e8 tutto quello che serve per trascorrere delle splendide vacanze in famiglia o con gli amici.","robots":{"index":"index","follow":"follow","max-snippet":"max-snippet:-1","max-image-preview":"max-image-preview:large","max-video-preview":"max-video-preview:-1"},"canonical":"https:\/\/camping-la-farigoulette-verdon.com\/it\/prenotate-il-vostro-soggiorno-in-un-campeggio-con-accesso-diretto-al-lago-di-saint-laurent-du-verdon-e-centro-di-sport-acquatici\/","og_locale":"it_IT","og_type":"article","og_title":"Campeggio in riva al lago nel Verdon | Campeggio con accesso diretto al lago di Sainte-Croix","og_description":"Godetevi un soggiorno in un campeggio con base nautica e accesso diretto al lago di Sainte-Croix nel Verdon. C\u2019\u00e8 tutto quello che serve per trascorrere delle splendide vacanze in famiglia o con gli amici.","og_url":"https:\/\/camping-la-farigoulette-verdon.com\/it\/prenotate-il-vostro-soggiorno-in-un-campeggio-con-accesso-diretto-al-lago-di-saint-laurent-du-verdon-e-centro-di-sport-acquatici\/","og_site_name":"Camping La Farigoulette","article_modified_time":"2023-11-03T08:51:07+00:00","og_image":[{"url":"https:\/\/camping-la-farigoulette-verdon.com\/wp-content\/uploads\/2023\/11\/camping-bord-de-lac-verdon-activites-nautiques.jpg","type":"","width":"","height":""}],"twitter_card":"summary_large_image","twitter_misc":{"Tempo di lettura stimato":"4 minuti"},"schema":{"@context":"https:\/\/schema.org","@graph":[{"@type":"WebPage","@id":"https:\/\/camping-la-farigoulette-verdon.com\/it\/prenotate-il-vostro-soggiorno-in-un-campeggio-con-accesso-diretto-al-lago-di-saint-laurent-du-verdon-e-centro-di-sport-acquatici\/","url":"https:\/\/camping-la-farigoulette-verdon.com\/it\/prenotate-il-vostro-soggiorno-in-un-campeggio-con-accesso-diretto-al-lago-di-saint-laurent-du-verdon-e-centro-di-sport-acquatici\/","name":"Campeggio in riva al lago nel Verdon | Campeggio con accesso diretto al lago di Sainte-Croix","isPartOf":{"@id":"https:\/\/camping-la-farigoulette-verdon.com\/it\/#website"},"primaryImageOfPage":{"@id":"https:\/\/camping-la-farigoulette-verdon.com\/it\/prenotate-il-vostro-soggiorno-in-un-campeggio-con-accesso-diretto-al-lago-di-saint-laurent-du-verdon-e-centro-di-sport-acquatici\/#primaryimage"},"image":{"@id":"https:\/\/camping-la-farigoulette-verdon.com\/it\/prenotate-il-vostro-soggiorno-in-un-campeggio-con-accesso-diretto-al-lago-di-saint-laurent-du-verdon-e-centro-di-sport-acquatici\/#primaryimage"},"thumbnailUrl":"https:\/\/camping-la-farigoulette-verdon.com\/wp-content\/uploads\/2023\/11\/camping-bord-de-lac-verdon-activites-nautiques.jpg","datePublished":"2022-01-26T12:59:54+00:00","dateModified":"2023-11-03T08:51:07+00:00","description":"Godetevi un soggiorno in un campeggio con base nautica e accesso diretto al lago di Sainte-Croix nel Verdon. C\u2019\u00e8 tutto quello che serve per trascorrere delle splendide vacanze in famiglia o con gli amici.","breadcrumb":{"@id":"https:\/\/camping-la-farigoulette-verdon.com\/it\/prenotate-il-vostro-soggiorno-in-un-campeggio-con-accesso-diretto-al-lago-di-saint-laurent-du-verdon-e-centro-di-sport-acquatici\/#breadcrumb"},"inLanguage":"it-IT","potentialAction":[{"@type":"ReadAction","target":["https:\/\/camping-la-farigoulette-verdon.com\/it\/prenotate-il-vostro-soggiorno-in-un-campeggio-con-accesso-diretto-al-lago-di-saint-laurent-du-verdon-e-centro-di-sport-acquatici\/"]}]},{"@type":"ImageObject","inLanguage":"it-IT","@id":"https:\/\/camping-la-farigoulette-verdon.com\/it\/prenotate-il-vostro-soggiorno-in-un-campeggio-con-accesso-diretto-al-lago-di-saint-laurent-du-verdon-e-centro-di-sport-acquatici\/#primaryimage","url":"https:\/\/camping-la-farigoulette-verdon.com\/wp-content\/uploads\/2023\/11\/camping-bord-de-lac-verdon-activites-nautiques.jpg","contentUrl":"https:\/\/camping-la-farigoulette-verdon.com\/wp-content\/uploads\/2023\/11\/camping-bord-de-lac-verdon-activites-nautiques.jpg"},{"@type":"BreadcrumbList","@id":"https:\/\/camping-la-farigoulette-verdon.com\/it\/prenotate-il-vostro-soggiorno-in-un-campeggio-con-accesso-diretto-al-lago-di-saint-laurent-du-verdon-e-centro-di-sport-acquatici\/#breadcrumb","itemListElement":[{"@type":"ListItem","position":1,"name":"Camping Verdon","item":"https:\/\/camping-la-farigoulette-verdon.com\/it\/"},{"@type":"ListItem","position":2,"name":"Prenotate il vostro soggiorno in un campeggio con accesso diretto al lago di Montpezat e centro di sport acquatici"}]},{"@type":"WebSite","@id":"https:\/\/camping-la-farigoulette-verdon.com\/it\/#website","url":"https:\/\/camping-la-farigoulette-verdon.com\/it\/","name":"Camping La Farigoulette","description":"","potentialAction":[{"@type":"SearchAction","target":{"@type":"EntryPoint","urlTemplate":"https:\/\/camping-la-farigoulette-verdon.com\/it\/?s={search_term_string}"},"query-input":{"@type":"PropertyValueSpecification","valueRequired":true,"valueName":"search_term_string"}}],"inLanguage":"it-IT"}]}},"_links":{"self":[{"href":"https:\/\/camping-la-farigoulette-verdon.com\/it\/wp-json\/wp\/v2\/pages\/1646","targetHints":{"allow":["GET"]}}],"collection":[{"href":"https:\/\/camping-la-farigoulette-verdon.com\/it\/wp-json\/wp\/v2\/pages"}],"about":[{"href":"https:\/\/camping-la-farigoulette-verdon.com\/it\/wp-json\/wp\/v2\/types\/page"}],"author":[{"embeddable":true,"href":"https:\/\/camping-la-farigoulette-verdon.com\/it\/wp-json\/wp\/v2\/users\/1"}],"replies":[{"embeddable":true,"href":"https:\/\/camping-la-farigoulette-verdon.com\/it\/wp-json\/wp\/v2\/comments?post=1646"}],"version-history":[{"count":5,"href":"https:\/\/camping-la-farigoulette-verdon.com\/it\/wp-json\/wp\/v2\/pages\/1646\/revisions"}],"predecessor-version":[{"id":4424,"href":"https:\/\/camping-la-farigoulette-verdon.com\/it\/wp-json\/wp\/v2\/pages\/1646\/revisions\/4424"}],"wp:attachment":[{"href":"https:\/\/camping-la-farigoulette-verdon.com\/it\/wp-json\/wp\/v2\/media?parent=1646"}],"curies":[{"name":"wp","href":"https:\/\/api.w.org\/{rel}","templated":true}]}}