{"id":1916,"date":"2022-01-26T15:43:19","date_gmt":"2022-01-26T14:43:19","guid":{"rendered":"https:\/\/camping-la-farigoulette-verdon.com\/?page_id=1916"},"modified":"2025-06-18T15:49:20","modified_gmt":"2025-06-18T13:49:20","slug":"recensioni-dei-clienti","status":"publish","type":"page","link":"https:\/\/camping-la-farigoulette-verdon.com\/it\/recensioni-dei-clienti\/","title":{"rendered":"Le opinioni dei clienti del campeggio La Farigoulette"},"content":{"rendered":"\n<div>\n<p>Volete conoscere l&#8217;opinione dei clienti che hanno gi\u00e0 trascorso una vacanza nel nostro campeggio La Farigoulette a Saint-Laurent-du-Verdon? Ecco una panoramica di ci\u00f2 che i vacanzieri hanno da dire sul nostro campeggio a 5 stelle nel Verdon.<\/p>\n<\/div>\n\n\n\n<h2 class=\"wp-block-heading\">Scopri tutte le nostre recensioni dei clienti<\/h2>\n\n\n\n<div>\n<p>Vous souhaitez en savoir davantage sur notre joli camping du Verdon avec acc\u00e8s direct au lac ? Vous pouvez consulter ci-dessous l\u2019ensemble des avis laiss\u00e9s par nos clients apr\u00e8s leurs s\u00e9jours au Camping La Farigoulette.<\/p>\n<\/div>\n","protected":false},"excerpt":{"rendered":"<p>Volete conoscere l&#8217;opinione dei clienti che hanno gi\u00e0 trascorso una vacanza nel nostro campeggio La Farigoulette a Saint-Laurent-du-Verdon? Ecco una panoramica di ci\u00f2 che i vacanzieri hanno da dire sul nostro campeggio a 5 stelle nel Verdon. Scopri tutte le nostre recensioni dei clienti Vous souhaitez en savoir davantage sur notre joli camping du Verdon [&hellip;]<\/p>\n","protected":false},"author":1,"featured_media":0,"parent":0,"menu_order":0,"comment_status":"closed","ping_status":"closed","template":"template-avis.php","meta":{"_acf_changed":false,"footnotes":""},"class_list":["post-1916","page","type-page","status-publish","hentry"],"acf":[],"yoast_head":"<!-- This site is optimized with the Yoast SEO plugin v27.3 - https:\/\/yoast.com\/product\/yoast-seo-wordpress\/ -->\n<title>Le opinioni dei clienti del campeggio La Farigoulette &#8211; Camping La Farigoulette<\/title>\n<meta name=\"robots\" content=\"index, follow, max-snippet:-1, max-image-preview:large, max-video-preview:-1\" \/>\n<link rel=\"canonical\" href=\"https:\/\/camping-la-farigoulette-verdon.com\/it\/recensioni-dei-clienti\/\" \/>\n<meta property=\"og:locale\" content=\"it_IT\" \/>\n<meta property=\"og:type\" content=\"article\" \/>\n<meta property=\"og:title\" content=\"Le opinioni dei clienti del campeggio La Farigoulette &#8211; Camping La Farigoulette\" \/>\n<meta property=\"og:description\" content=\"Volete conoscere l&#8217;opinione dei clienti che hanno gi\u00e0 trascorso una vacanza nel nostro campeggio La Farigoulette a Saint-Laurent-du-Verdon? Ecco una panoramica di ci\u00f2 che i vacanzieri hanno da dire sul nostro campeggio a 5 stelle nel Verdon. Scopri tutte le nostre recensioni dei clienti Vous souhaitez en savoir davantage sur notre joli camping du Verdon [&hellip;]\" \/>\n<meta property=\"og:url\" content=\"https:\/\/camping-la-farigoulette-verdon.com\/it\/recensioni-dei-clienti\/\" \/>\n<meta property=\"og:site_name\" content=\"Camping La Farigoulette\" \/>\n<meta property=\"article:modified_time\" content=\"2025-06-18T13:49:20+00:00\" \/>\n<meta name=\"twitter:card\" content=\"summary_large_image\" \/>\n<meta name=\"twitter:label1\" content=\"Tempo di lettura stimato\" \/>\n\t<meta name=\"twitter:data1\" content=\"1 minuto\" \/>\n<script type=\"application\/ld+json\" class=\"yoast-schema-graph\">{\"@context\":\"https:\\\/\\\/schema.org\",\"@graph\":[{\"@type\":\"WebPage\",\"@id\":\"https:\\\/\\\/camping-la-farigoulette-verdon.com\\\/it\\\/recensioni-dei-clienti\\\/\",\"url\":\"https:\\\/\\\/camping-la-farigoulette-verdon.com\\\/it\\\/recensioni-dei-clienti\\\/\",\"name\":\"Le opinioni dei clienti del campeggio La Farigoulette &#8211; Camping La Farigoulette\",\"isPartOf\":{\"@id\":\"https:\\\/\\\/camping-la-farigoulette-verdon.com\\\/it\\\/#website\"},\"datePublished\":\"2022-01-26T14:43:19+00:00\",\"dateModified\":\"2025-06-18T13:49:20+00:00\",\"breadcrumb\":{\"@id\":\"https:\\\/\\\/camping-la-farigoulette-verdon.com\\\/it\\\/recensioni-dei-clienti\\\/#breadcrumb\"},\"inLanguage\":\"it-IT\",\"potentialAction\":[{\"@type\":\"ReadAction\",\"target\":[\"https:\\\/\\\/camping-la-farigoulette-verdon.com\\\/it\\\/recensioni-dei-clienti\\\/\"]}]},{\"@type\":\"BreadcrumbList\",\"@id\":\"https:\\\/\\\/camping-la-farigoulette-verdon.com\\\/it\\\/recensioni-dei-clienti\\\/#breadcrumb\",\"itemListElement\":[{\"@type\":\"ListItem\",\"position\":1,\"name\":\"Camping Verdon\",\"item\":\"https:\\\/\\\/camping-la-farigoulette-verdon.com\\\/it\\\/\"},{\"@type\":\"ListItem\",\"position\":2,\"name\":\"Le opinioni dei clienti del campeggio La Farigoulette\"}]},{\"@type\":\"WebSite\",\"@id\":\"https:\\\/\\\/camping-la-farigoulette-verdon.com\\\/it\\\/#website\",\"url\":\"https:\\\/\\\/camping-la-farigoulette-verdon.com\\\/it\\\/\",\"name\":\"Camping La Farigoulette\",\"description\":\"\",\"potentialAction\":[{\"@type\":\"SearchAction\",\"target\":{\"@type\":\"EntryPoint\",\"urlTemplate\":\"https:\\\/\\\/camping-la-farigoulette-verdon.com\\\/it\\\/?s={search_term_string}\"},\"query-input\":{\"@type\":\"PropertyValueSpecification\",\"valueRequired\":true,\"valueName\":\"search_term_string\"}}],\"inLanguage\":\"it-IT\"}]}<\/script>\n<!-- \/ Yoast SEO plugin. -->","yoast_head_json":{"title":"Le opinioni dei clienti del campeggio La Farigoulette &#8211; Camping La Farigoulette","robots":{"index":"index","follow":"follow","max-snippet":"max-snippet:-1","max-image-preview":"max-image-preview:large","max-video-preview":"max-video-preview:-1"},"canonical":"https:\/\/camping-la-farigoulette-verdon.com\/it\/recensioni-dei-clienti\/","og_locale":"it_IT","og_type":"article","og_title":"Le opinioni dei clienti del campeggio La Farigoulette &#8211; Camping La Farigoulette","og_description":"Volete conoscere l&#8217;opinione dei clienti che hanno gi\u00e0 trascorso una vacanza nel nostro campeggio La Farigoulette a Saint-Laurent-du-Verdon? Ecco una panoramica di ci\u00f2 che i vacanzieri hanno da dire sul nostro campeggio a 5 stelle nel Verdon. Scopri tutte le nostre recensioni dei clienti Vous souhaitez en savoir davantage sur notre joli camping du Verdon [&hellip;]","og_url":"https:\/\/camping-la-farigoulette-verdon.com\/it\/recensioni-dei-clienti\/","og_site_name":"Camping La Farigoulette","article_modified_time":"2025-06-18T13:49:20+00:00","twitter_card":"summary_large_image","twitter_misc":{"Tempo di lettura stimato":"1 minuto"},"schema":{"@context":"https:\/\/schema.org","@graph":[{"@type":"WebPage","@id":"https:\/\/camping-la-farigoulette-verdon.com\/it\/recensioni-dei-clienti\/","url":"https:\/\/camping-la-farigoulette-verdon.com\/it\/recensioni-dei-clienti\/","name":"Le opinioni dei clienti del campeggio La Farigoulette &#8211; Camping La Farigoulette","isPartOf":{"@id":"https:\/\/camping-la-farigoulette-verdon.com\/it\/#website"},"datePublished":"2022-01-26T14:43:19+00:00","dateModified":"2025-06-18T13:49:20+00:00","breadcrumb":{"@id":"https:\/\/camping-la-farigoulette-verdon.com\/it\/recensioni-dei-clienti\/#breadcrumb"},"inLanguage":"it-IT","potentialAction":[{"@type":"ReadAction","target":["https:\/\/camping-la-farigoulette-verdon.com\/it\/recensioni-dei-clienti\/"]}]},{"@type":"BreadcrumbList","@id":"https:\/\/camping-la-farigoulette-verdon.com\/it\/recensioni-dei-clienti\/#breadcrumb","itemListElement":[{"@type":"ListItem","position":1,"name":"Camping Verdon","item":"https:\/\/camping-la-farigoulette-verdon.com\/it\/"},{"@type":"ListItem","position":2,"name":"Le opinioni dei clienti del campeggio La Farigoulette"}]},{"@type":"WebSite","@id":"https:\/\/camping-la-farigoulette-verdon.com\/it\/#website","url":"https:\/\/camping-la-farigoulette-verdon.com\/it\/","name":"Camping La Farigoulette","description":"","potentialAction":[{"@type":"SearchAction","target":{"@type":"EntryPoint","urlTemplate":"https:\/\/camping-la-farigoulette-verdon.com\/it\/?s={search_term_string}"},"query-input":{"@type":"PropertyValueSpecification","valueRequired":true,"valueName":"search_term_string"}}],"inLanguage":"it-IT"}]}},"_links":{"self":[{"href":"https:\/\/camping-la-farigoulette-verdon.com\/it\/wp-json\/wp\/v2\/pages\/1916","targetHints":{"allow":["GET"]}}],"collection":[{"href":"https:\/\/camping-la-farigoulette-verdon.com\/it\/wp-json\/wp\/v2\/pages"}],"about":[{"href":"https:\/\/camping-la-farigoulette-verdon.com\/it\/wp-json\/wp\/v2\/types\/page"}],"author":[{"embeddable":true,"href":"https:\/\/camping-la-farigoulette-verdon.com\/it\/wp-json\/wp\/v2\/users\/1"}],"replies":[{"embeddable":true,"href":"https:\/\/camping-la-farigoulette-verdon.com\/it\/wp-json\/wp\/v2\/comments?post=1916"}],"version-history":[{"count":9,"href":"https:\/\/camping-la-farigoulette-verdon.com\/it\/wp-json\/wp\/v2\/pages\/1916\/revisions"}],"predecessor-version":[{"id":211506,"href":"https:\/\/camping-la-farigoulette-verdon.com\/it\/wp-json\/wp\/v2\/pages\/1916\/revisions\/211506"}],"wp:attachment":[{"href":"https:\/\/camping-la-farigoulette-verdon.com\/it\/wp-json\/wp\/v2\/media?parent=1916"}],"curies":[{"name":"wp","href":"https:\/\/api.w.org\/{rel}","templated":true}]}}